{"id":36,"date":"2015-11-02T16:10:04","date_gmt":"2015-11-02T15:10:04","guid":{"rendered":"https:\/\/pes-isere.fr\/artas\/?page_id=36"},"modified":"2017-07-03T13:46:46","modified_gmt":"2017-07-03T11:46:46","slug":"consultation-osteopathie","status":"publish","type":"page","link":"https:\/\/pes-isere.fr\/artas\/consultation-osteopathie\/","title":{"rendered":"Consultation Ost\u00e9opathie"},"content":{"rendered":"<div class=\"fusion-fullwidth fullwidth-box fusion-builder-row-1 nonhundred-percent-fullwidth non-hundred-percent-height-scrolling\" style=\"--awb-border-radius-top-left:0px;--awb-border-radius-top-right:0px;--awb-border-radius-bottom-right:0px;--awb-border-radius-bottom-left:0px;--awb-flex-wrap:wrap;\" ><div class=\"fusion-builder-row fusion-row\"><div class=\"fusion-layout-column fusion_builder_column fusion-builder-column-0 fusion_builder_column_1_1 1_1 fusion-one-full fusion-column-first fusion-column-last\" style=\"--awb-bg-size:cover;\"><div class=\"fusion-column-wrapper fusion-flex-column-wrapper-legacy\"><div class=\"fusion-title title fusion-title-1 fusion-title-center fusion-title-text fusion-title-size-one\" style=\"--awb-margin-top-small:10px;--awb-margin-right-small:0px;--awb-margin-bottom-small:10px;--awb-margin-left-small:0px;\"><div class=\"title-sep-container title-sep-container-left\"><div class=\"title-sep sep-double sep-solid\" style=\"border-color:#e0dede;\"><\/div><\/div><span class=\"awb-title-spacer\"><\/span><h1 class=\"fusion-title-heading title-heading-center fusion-responsive-typography-calculated\" style=\"margin:0;--fontSize:34;line-height:1.41;\">La consultation Ost\u00e9opathique<\/h1><span class=\"awb-title-spacer\"><\/span><div class=\"title-sep-container title-sep-container-right\"><div class=\"title-sep sep-double sep-solid\" style=\"border-color:#e0dede;\"><\/div><\/div><\/div><div class=\"fusion-text fusion-text-1\"><p style=\"text-align: justify;\">Une s\u00e9ance peut dur\u00e9e entre 30 min et 1 heure selon le motif de consultation. En g\u00e9n\u00e9ral 45 min est le temps moyen.<\/p>\n<p style=\"text-align: justify;\"><strong>Anamn\u00e8se<\/strong> : C\u2019est la premi\u00e8re prise de contact entre le patient et l\u2019ost\u00e9opathe o\u00f9 une s\u00e9rie de questions seront pos\u00e9s afin de mieux comprendre le motif ainsi que le patient.\u00a0Des questions port\u00e9es sur le motif du jour et sur l\u2019\u00e9tat g\u00e9n\u00e9ral du patient.<\/p>\n<p style=\"text-align: justify;\"><strong>Tests<\/strong> : C\u2019est l\u2019\u00e9tape o\u00f9 l\u2019ost\u00e9opathe commencera par une observation visuelle et palpatoire globale du patient pour comprendre les adaptations de son corps afin de trouver la cause primaire de sa douleur.<\/p>\n<p style=\"text-align: justify;\"><strong>Traitement<\/strong> : Suite aux dysfonctions qu\u2019il aura mis en \u00e9vidence pendant la phase de test, l\u2019ost\u00e9opathe corrigera gr\u00e2ce \u00e0 des technique les mieux adapt\u00e9es en respectant l\u2019\u00e2ge et l\u2019\u00e9tat du patient.<\/p>\n<\/div><div class=\"fusion-title title fusion-title-2 fusion-title-center fusion-title-text fusion-title-size-one\" style=\"--awb-margin-top-small:10px;--awb-margin-right-small:0px;--awb-margin-bottom-small:10px;--awb-margin-left-small:0px;\"><div class=\"title-sep-container title-sep-container-left\"><div class=\"title-sep sep-double sep-solid\" style=\"border-color:#e0dede;\"><\/div><\/div><span class=\"awb-title-spacer\"><\/span><h1 class=\"fusion-title-heading title-heading-center fusion-responsive-typography-calculated\" style=\"margin:0;--fontSize:34;line-height:1.41;\">Honoraire \/ Remboursement<\/h1><span class=\"awb-title-spacer\"><\/span><div class=\"title-sep-container title-sep-container-right\"><div class=\"title-sep sep-double sep-solid\" style=\"border-color:#e0dede;\"><\/div><\/div><\/div><div class=\"fusion-text fusion-text-2\"><p>La consultation au cabinet est factur\u00e9e <b>50\u20ac<\/b>.\u00a0Le r\u00e8glement peut se faire par ch\u00e8que ou par esp\u00e8ces.<\/p>\n<p>Des consultations \u00e0 domicile vous sont propos\u00e9es majorant les honoraires de 20\u20ac (prenant en compte les frais et le temps de d\u00e9placement).<\/p>\n<p>L\u2019ost\u00e9opathie n\u2019est pas rembours\u00e9e par la s\u00e9curit\u00e9 sociale mais de nombreuses mutuelles remboursent partiellement ou totalement les honoraires des s\u00e9ances. Une liste des mutuelles remboursant l\u2019ost\u00e9opathie est mise \u00e0 jour r\u00e9guli\u00e8rement et disponible en cliquant ici :<\/p>\n<div class=\"fusion-button-wrapper fusion-aligncenter\"><a class=\"fusion-button button-flat fusion-button-default-size button-default fusion-button-default button-1 fusion-button-default-span fusion-button-default-type\" target=\"_blank\" rel=\"noopener noreferrer\" href=\"https:\/\/www.osteopathie.org\/mutuelles.html\"><span class=\"fusion-button-text awb-button__text awb-button__text--default\">Liste des Mutuelles<\/span><\/a><\/div>\n<p>Cette liste est non exhaustive. Les forfaits \u00e9voluent et sont sujets \u00e0 de nombreux changements. N\u2019h\u00e9sitez pas \u00e0 vous renseigner directement aupr\u00e8s de votre mutuelle pour davantage d\u2019informations.<\/p>\n<\/div><div class=\"fusion-clearfix\"><\/div><\/div><\/div><\/div><\/div>\n","protected":false},"excerpt":{"rendered":"","protected":false},"author":1,"featured_media":0,"parent":0,"menu_order":0,"comment_status":"closed","ping_status":"closed","template":"","meta":{"footnotes":""},"class_list":["post-36","page","type-page","status-publish","hentry"],"_links":{"self":[{"href":"https:\/\/pes-isere.fr\/artas\/wp-json\/wp\/v2\/pages\/36","targetHints":{"allow":["GET"]}}],"collection":[{"href":"https:\/\/pes-isere.fr\/artas\/wp-json\/wp\/v2\/pages"}],"about":[{"href":"https:\/\/pes-isere.fr\/artas\/wp-json\/wp\/v2\/types\/page"}],"author":[{"embeddable":true,"href":"https:\/\/pes-isere.fr\/artas\/wp-json\/wp\/v2\/users\/1"}],"replies":[{"embeddable":true,"href":"https:\/\/pes-isere.fr\/artas\/wp-json\/wp\/v2\/comments?post=36"}],"version-history":[{"count":3,"href":"https:\/\/pes-isere.fr\/artas\/wp-json\/wp\/v2\/pages\/36\/revisions"}],"predecessor-version":[{"id":110,"href":"https:\/\/pes-isere.fr\/artas\/wp-json\/wp\/v2\/pages\/36\/revisions\/110"}],"wp:attachment":[{"href":"https:\/\/pes-isere.fr\/artas\/wp-json\/wp\/v2\/media?parent=36"}],"curies":[{"name":"wp","href":"https:\/\/api.w.org\/{rel}","templated":true}]}}