{"id":43,"date":"2015-11-02T16:28:44","date_gmt":"2015-11-02T15:28:44","guid":{"rendered":"https:\/\/pes-isere.fr\/artas\/?page_id=43"},"modified":"2017-07-03T13:14:03","modified_gmt":"2017-07-03T11:14:03","slug":"osteopathie","status":"publish","type":"page","link":"https:\/\/pes-isere.fr\/artas\/osteopathie\/","title":{"rendered":"L&rsquo;Ost\u00e9opathie"},"content":{"rendered":"<div class=\"fusion-fullwidth fullwidth-box fusion-builder-row-1 nonhundred-percent-fullwidth non-hundred-percent-height-scrolling\" style=\"--awb-border-radius-top-left:0px;--awb-border-radius-top-right:0px;--awb-border-radius-bottom-right:0px;--awb-border-radius-bottom-left:0px;--awb-flex-wrap:wrap;\" ><div class=\"fusion-builder-row fusion-row\"><div class=\"fusion-layout-column fusion_builder_column fusion-builder-column-0 fusion_builder_column_1_1 1_1 fusion-one-full fusion-column-first fusion-column-last\" style=\"--awb-bg-size:cover;\"><div class=\"fusion-column-wrapper fusion-flex-column-wrapper-legacy\"><div class=\"fusion-title title fusion-title-1 fusion-title-center fusion-title-text fusion-title-size-one\" style=\"--awb-margin-top-small:10px;--awb-margin-right-small:0px;--awb-margin-bottom-small:10px;--awb-margin-left-small:0px;\"><div class=\"title-sep-container title-sep-container-left\"><div class=\"title-sep sep-double sep-solid\" style=\"border-color:#e0dede;\"><\/div><\/div><span class=\"awb-title-spacer\"><\/span><h1 class=\"fusion-title-heading title-heading-center fusion-responsive-typography-calculated\" style=\"margin:0;--fontSize:34;line-height:1.41;\">L&rsquo;Ost\u00e9opathie<\/h1><span class=\"awb-title-spacer\"><\/span><div class=\"title-sep-container title-sep-container-right\"><div class=\"title-sep sep-double sep-solid\" style=\"border-color:#e0dede;\"><\/div><\/div><\/div><div class=\"fusion-text fusion-text-1\"><p style=\"text-align: justify;\">C\u2019est une m\u00e9thode th\u00e9rapeutique manuelle qui consiste \u00e0 pr\u00e9venir , diagnostiquer et traiter les troubles physiques et fonctionnels du corps humain. Pour trouver le cause des sympt\u00f4mes , elle consid\u00e8re le patient comme un tout et l\u2019appr\u00e9hende dans son ensemble. Des traumatisme physique et \u00e9motionnels anciens ,\u00a0 ou pass\u00e9s inaper\u00e7us, sont en effet susceptibles de provoquer des s\u00e9quelles douloureuses. \u00abM\u00e9canicien du corps\u00a0\u00bb, l\u2019ost\u00e9opathe utilise ses mains pour \u00e9tablir son diagnostic et dispenser le traitement. Par diff\u00e9rents tests de mobilit\u00e9, au niveau articulaire ( vert\u00e9bral ou p\u00e9riph\u00e9rique ), visc\u00e9ral ou cr\u00e2nien, il \u00e9value l\u2019\u00e9tat des diff\u00e9rents syst\u00e8mes du corps humain et leur interaction. L\u2019ost\u00e9opathie traite le nourrisson, l\u2019enfant, l\u2019adulte, le sportif et la personne \u00e2g\u00e9e.<\/p>\n<p style=\"text-align: justify;\"><i>L\u2019ost\u00e9opathie se base sur 5 grands principes<\/i><\/p>\n<ol>\n<li style=\"text-align: justify;\">Le corps humain est un tout<\/li>\n<li style=\"text-align: justify;\">Principe d\u2019hom\u00e9ostasie<\/li>\n<li style=\"text-align: justify;\">La r\u00e8gle de l\u2019art\u00e8re supr\u00eame<\/li>\n<li style=\"text-align: justify;\">Structure et fonction sont en inter relation<\/li>\n<li style=\"text-align: justify;\">La vie c\u2019est le mouvement<\/li>\n<\/ol>\n<\/div><div class=\"fusion-clearfix\"><\/div><\/div><\/div><\/div><\/div>\n","protected":false},"excerpt":{"rendered":"","protected":false},"author":1,"featured_media":0,"parent":0,"menu_order":0,"comment_status":"closed","ping_status":"closed","template":"","meta":{"footnotes":""},"class_list":["post-43","page","type-page","status-publish","hentry"],"_links":{"self":[{"href":"https:\/\/pes-isere.fr\/artas\/wp-json\/wp\/v2\/pages\/43","targetHints":{"allow":["GET"]}}],"collection":[{"href":"https:\/\/pes-isere.fr\/artas\/wp-json\/wp\/v2\/pages"}],"about":[{"href":"https:\/\/pes-isere.fr\/artas\/wp-json\/wp\/v2\/types\/page"}],"author":[{"embeddable":true,"href":"https:\/\/pes-isere.fr\/artas\/wp-json\/wp\/v2\/users\/1"}],"replies":[{"embeddable":true,"href":"https:\/\/pes-isere.fr\/artas\/wp-json\/wp\/v2\/comments?post=43"}],"version-history":[{"count":1,"href":"https:\/\/pes-isere.fr\/artas\/wp-json\/wp\/v2\/pages\/43\/revisions"}],"predecessor-version":[{"id":91,"href":"https:\/\/pes-isere.fr\/artas\/wp-json\/wp\/v2\/pages\/43\/revisions\/91"}],"wp:attachment":[{"href":"https:\/\/pes-isere.fr\/artas\/wp-json\/wp\/v2\/media?parent=43"}],"curies":[{"name":"wp","href":"https:\/\/api.w.org\/{rel}","templated":true}]}}