{"id":51,"date":"2015-11-02T16:40:46","date_gmt":"2015-11-02T15:40:46","guid":{"rendered":"https:\/\/pes-isere.fr\/artas\/?page_id=51"},"modified":"2017-07-03T13:15:35","modified_gmt":"2017-07-03T11:15:35","slug":"osteopathe-nourrisson","status":"publish","type":"page","link":"https:\/\/pes-isere.fr\/artas\/osteopathe-nourrisson\/","title":{"rendered":"Ost\u00e9opathe pour nourrisson"},"content":{"rendered":"<div class=\"fusion-fullwidth fullwidth-box fusion-builder-row-1 nonhundred-percent-fullwidth non-hundred-percent-height-scrolling\" style=\"--awb-border-radius-top-left:0px;--awb-border-radius-top-right:0px;--awb-border-radius-bottom-right:0px;--awb-border-radius-bottom-left:0px;--awb-flex-wrap:wrap;\" ><div class=\"fusion-builder-row fusion-row\"><div class=\"fusion-layout-column fusion_builder_column fusion-builder-column-0 fusion_builder_column_1_1 1_1 fusion-one-full fusion-column-first fusion-column-last\" style=\"--awb-bg-size:cover;\"><div class=\"fusion-column-wrapper fusion-flex-column-wrapper-legacy\"><div class=\"fusion-title title fusion-title-1 fusion-title-center fusion-title-text fusion-title-size-one\" style=\"--awb-margin-top-small:10px;--awb-margin-right-small:0px;--awb-margin-bottom-small:10px;--awb-margin-left-small:0px;\"><div class=\"title-sep-container title-sep-container-left\"><div class=\"title-sep sep-double sep-solid\" style=\"border-color:#e0dede;\"><\/div><\/div><span class=\"awb-title-spacer\"><\/span><h1 class=\"fusion-title-heading title-heading-center fusion-responsive-typography-calculated\" style=\"margin:0;--fontSize:34;line-height:1.41;\">Ost\u00e9opathe pour Nourrisson<\/h1><span class=\"awb-title-spacer\"><\/span><div class=\"title-sep-container title-sep-container-right\"><div class=\"title-sep sep-double sep-solid\" style=\"border-color:#e0dede;\"><\/div><\/div><\/div><div class=\"fusion-text fusion-text-1\"><p style=\"text-align: justify;\">La naissance est le premier traumatisme de la vie. En effet l\u2019accouchement est le 1er contrainte que le corps subit entrainant des perturbations de l\u2019organisme (que ce soit un accouchement trop long, par ventouse, par le si\u00e8ge&#8230;). Un enfant n\u00e9 par c\u00e9sarienne n\u2019ayant pas subit ces contraintes et n\u2019ayant, par cons\u00e9quence, pas eu le cr\u00e2ne model\u00e9 par les pressions ut\u00e9rines peut lui aussi effectuer une visite de contr\u00f4le car il aura pu subir n\u00e9anmoins certaines contraintes in-ut\u00e9ro (positionnement dans le ventre)<\/p>\n<p style=\"text-align: justify;\">L\u2019ost\u00e9opathie \u00e0 un champ d\u2019application vaste chez le nourrisson, il peut-\u00eatre int\u00e9ressant de consulter :<\/p>\n<ul style=\"text-align: justify;\">\n<li>Si votre enfant pleure tout le temps<\/li>\n<li>Si il dig\u00e8re mal et a des r\u00e9gurgitations<\/li>\n<li>Si il est tomb\u00e9 de la table \u00e0 langer, m\u00eame si une radio du cr\u00e2ne ne montre aucune l\u00e9sion, les tensions sont l\u00e0,<\/li>\n<li>Si il tourne la t\u00eate toujours du m\u00eame cot\u00e9 et\/ou il dort la t\u00eate toujours du m\u00eame cot\u00e9 (peut cr\u00e9er des aplatissements du cr\u00e2ne)<\/li>\n<li>Si il a des otites, bronchiolites \u00e0 r\u00e9p\u00e9tition et une respiration ronflante<\/li>\n<li>Si il ne dort pas ou mal<\/li>\n<\/ul>\n<p style=\"text-align: justify;\">L\u2019ost\u00e9opathe ne remplace ni le m\u00e9decin traitant ni le p\u00e9diatre ou tout autre sp\u00e9cialiste dont l\u2019enfant aurait besoin. Ils doivent \u00e9tablir un diagnostic m\u00e9dical et l\u2019ost\u00e9opathe intervient en compl\u00e9mentarit\u00e9 d\u2019un traitement m\u00e9dical et\/ou param\u00e9dical.<\/p>\n<p style=\"text-align: center;\"><span style=\"text-decoration: underline;\"><em>Selon la l\u00e9gislation en vigueur, pour les nourrissons de moins de 6 mois, il est n\u00e9cessaire de pr\u00e9senter \u00e0 votre ost\u00e9opathe un certificat m\u00e9dical attestant de l\u2019absence de contre-indication m\u00e9dicale \u00e0 l\u2019ost\u00e9opathie.<\/em><\/span><\/p>\n<\/div><div class=\"fusion-clearfix\"><\/div><\/div><\/div><\/div><\/div>\n","protected":false},"excerpt":{"rendered":"","protected":false},"author":1,"featured_media":0,"parent":0,"menu_order":0,"comment_status":"closed","ping_status":"closed","template":"","meta":{"footnotes":""},"class_list":["post-51","page","type-page","status-publish","hentry"],"_links":{"self":[{"href":"https:\/\/pes-isere.fr\/artas\/wp-json\/wp\/v2\/pages\/51","targetHints":{"allow":["GET"]}}],"collection":[{"href":"https:\/\/pes-isere.fr\/artas\/wp-json\/wp\/v2\/pages"}],"about":[{"href":"https:\/\/pes-isere.fr\/artas\/wp-json\/wp\/v2\/types\/page"}],"author":[{"embeddable":true,"href":"https:\/\/pes-isere.fr\/artas\/wp-json\/wp\/v2\/users\/1"}],"replies":[{"embeddable":true,"href":"https:\/\/pes-isere.fr\/artas\/wp-json\/wp\/v2\/comments?post=51"}],"version-history":[{"count":1,"href":"https:\/\/pes-isere.fr\/artas\/wp-json\/wp\/v2\/pages\/51\/revisions"}],"predecessor-version":[{"id":92,"href":"https:\/\/pes-isere.fr\/artas\/wp-json\/wp\/v2\/pages\/51\/revisions\/92"}],"wp:attachment":[{"href":"https:\/\/pes-isere.fr\/artas\/wp-json\/wp\/v2\/media?parent=51"}],"curies":[{"name":"wp","href":"https:\/\/api.w.org\/{rel}","templated":true}]}}