{"id":56,"date":"2015-11-02T16:46:41","date_gmt":"2015-11-02T15:46:41","guid":{"rendered":"https:\/\/pes-isere.fr\/artas\/?page_id=56"},"modified":"2017-07-03T13:19:58","modified_gmt":"2017-07-03T11:19:58","slug":"osteopathe-enfant-adolescent","status":"publish","type":"page","link":"https:\/\/pes-isere.fr\/artas\/osteopathe-enfant-adolescent\/","title":{"rendered":"Ost\u00e9opathie pour enfant\/adolescent"},"content":{"rendered":"<div class=\"fusion-fullwidth fullwidth-box fusion-builder-row-1 nonhundred-percent-fullwidth non-hundred-percent-height-scrolling\" style=\"--awb-border-radius-top-left:0px;--awb-border-radius-top-right:0px;--awb-border-radius-bottom-right:0px;--awb-border-radius-bottom-left:0px;--awb-flex-wrap:wrap;\" ><div class=\"fusion-builder-row fusion-row\"><div class=\"fusion-layout-column fusion_builder_column fusion-builder-column-0 fusion_builder_column_1_1 1_1 fusion-one-full fusion-column-first fusion-column-last\" style=\"--awb-bg-size:cover;\"><div class=\"fusion-column-wrapper fusion-flex-column-wrapper-legacy\"><div class=\"fusion-title title fusion-title-1 fusion-title-center fusion-title-text fusion-title-size-one\" style=\"--awb-margin-top-small:10px;--awb-margin-right-small:0px;--awb-margin-bottom-small:10px;--awb-margin-left-small:0px;\"><div class=\"title-sep-container title-sep-container-left\"><div class=\"title-sep sep-double sep-solid\" style=\"border-color:#e0dede;\"><\/div><\/div><span class=\"awb-title-spacer\"><\/span><h1 class=\"fusion-title-heading title-heading-center fusion-responsive-typography-calculated\" style=\"margin:0;--fontSize:34;line-height:1.41;\">Ost\u00e9opathe pour Enfant \/ Adolescent<\/h1><span class=\"awb-title-spacer\"><\/span><div class=\"title-sep-container title-sep-container-right\"><div class=\"title-sep sep-double sep-solid\" style=\"border-color:#e0dede;\"><\/div><\/div><\/div><div class=\"fusion-text fusion-text-1\"><p style=\"text-align: justify;\">L\u2019enfant est un adulte en devenir, \u00e0 l\u2019\u00e2ge de l\u2019apprentissage de la marche, des chutes, m\u00eame anodines, ainsi que le changement corporel peuvent provoquer diff\u00e9rents troubles.<\/p>\n<p style=\"text-align: justify;\">Cette p\u00e9riode de la vie oblige notre organisme \u00e0 mettre en place bon nombre d\u2019adaptations afin de garder l\u2019\u00e9quilibre. Les traitements orthodontiques, fr\u00e9quents de nos jours, viennent se sur-ajouter et peuvent cr\u00e9er des tensions au niveau de la m\u00e2choire, du cou, de la musculature du haut du dos et m\u00eame parfois encore plus \u00e0 distance.<\/p>\n<ul style=\"text-align: justify;\">\n<li>Pr\u00e9vention : bilan annuel, premiers pas, d\u00e9but d\u2019une activit\u00e9 sportive ou pratique assidue d\u2019un\u00a0sport, pr\u00e9paration \u00e0 une comp\u00e9tition sportive.<\/li>\n<li>Succion du pouce, port d\u2019un\u00a0appareil dentaire.<\/li>\n<li>Scoliose, attitude scoliotique\u2026<\/li>\n<li>Mal de dos, douleurs musculaires\u2026<\/li>\n<li>Douleurs abdominales, diarrh\u00e9es, constipation, ballonnements, r\u00e9gurgitations\u2026<\/li>\n<li>Difficult\u00e9s de concentration, \u00e9nervement, hyperactivit\u00e9, stress\u2026<\/li>\n<li>Troubles du sommeil.<\/li>\n<li>Pleurs fr\u00e9quents, enfant renferm\u00e9\u2026<\/li>\n<li>Certains troubles auditifs et visuels fonctionnels.<\/li>\n<li>Enur\u00e9sie ou \u00ab pipi au lit \u00bb<\/li>\n<li>Douleurs des premi\u00e8res r\u00e8gles, changements hormonaux entrainant de la fatigue, maux de t\u00eate, maux de ventre, voir m\u00eame des petites d\u00e9pressions d\u00fb \u00e0 un changement trop radical.<\/li>\n<\/ul>\n<p style=\"text-align: justify;\">L\u2019Ost\u00e9opathe peut prendre en charge avec efficacit\u00e9 ces divers probl\u00e8mes et apporter \u00e0 l\u2019enfant ou l\u2019adolescent du confort tout en le soulageant de certaines douleurs. Ceci dans une prise en charge souvent pluri-disciplinaire au service de la sant\u00e9 de nos jeunes pousses. L\u2019Ost\u00e9opathe est donc un v\u00e9ritable compagnon durant la croissance.<\/p>\n<\/div><div class=\"fusion-clearfix\"><\/div><\/div><\/div><\/div><\/div>\n","protected":false},"excerpt":{"rendered":"","protected":false},"author":1,"featured_media":0,"parent":0,"menu_order":0,"comment_status":"closed","ping_status":"closed","template":"","meta":{"footnotes":""},"class_list":["post-56","page","type-page","status-publish","hentry"],"_links":{"self":[{"href":"https:\/\/pes-isere.fr\/artas\/wp-json\/wp\/v2\/pages\/56","targetHints":{"allow":["GET"]}}],"collection":[{"href":"https:\/\/pes-isere.fr\/artas\/wp-json\/wp\/v2\/pages"}],"about":[{"href":"https:\/\/pes-isere.fr\/artas\/wp-json\/wp\/v2\/types\/page"}],"author":[{"embeddable":true,"href":"https:\/\/pes-isere.fr\/artas\/wp-json\/wp\/v2\/users\/1"}],"replies":[{"embeddable":true,"href":"https:\/\/pes-isere.fr\/artas\/wp-json\/wp\/v2\/comments?post=56"}],"version-history":[{"count":4,"href":"https:\/\/pes-isere.fr\/artas\/wp-json\/wp\/v2\/pages\/56\/revisions"}],"predecessor-version":[{"id":105,"href":"https:\/\/pes-isere.fr\/artas\/wp-json\/wp\/v2\/pages\/56\/revisions\/105"}],"wp:attachment":[{"href":"https:\/\/pes-isere.fr\/artas\/wp-json\/wp\/v2\/media?parent=56"}],"curies":[{"name":"wp","href":"https:\/\/api.w.org\/{rel}","templated":true}]}}