{"id":100,"date":"2013-04-30T21:57:50","date_gmt":"2013-04-30T20:57:50","guid":{"rendered":"https:\/\/localhost:8888\/?page_id=100"},"modified":"2017-07-02T20:45:57","modified_gmt":"2017-07-02T18:45:57","slug":"osteopathe-sportifs","status":"publish","type":"page","link":"https:\/\/pes-isere.fr\/bourgoin-jallieu\/osteopathe-sportifs\/","title":{"rendered":"Sportifs"},"content":{"rendered":"<div class=\"fusion-fullwidth fullwidth-box fusion-builder-row-1 nonhundred-percent-fullwidth non-hundred-percent-height-scrolling\" style=\"--awb-border-radius-top-left:0px;--awb-border-radius-top-right:0px;--awb-border-radius-bottom-right:0px;--awb-border-radius-bottom-left:0px;--awb-flex-wrap:wrap;\" ><div class=\"fusion-builder-row fusion-row\"><div class=\"fusion-layout-column fusion_builder_column fusion-builder-column-0 fusion_builder_column_1_1 1_1 fusion-one-full fusion-column-first fusion-column-last\" style=\"--awb-bg-size:cover;\"><div class=\"fusion-column-wrapper fusion-flex-column-wrapper-legacy\"><div class=\"fusion-title title fusion-title-1 fusion-title-center fusion-title-text fusion-title-size-one\" style=\"--awb-margin-top-small:10px;--awb-margin-right-small:0px;--awb-margin-bottom-small:10px;--awb-margin-left-small:0px;\"><div class=\"title-sep-container title-sep-container-left\"><div class=\"title-sep sep-double sep-solid\" style=\"border-color:#e0dede;\"><\/div><\/div><span class=\"awb-title-spacer\"><\/span><h1 class=\"fusion-title-heading title-heading-center fusion-responsive-typography-calculated\" style=\"margin:0;--fontSize:34;line-height:1.41;\">Ost\u00e9opathe pour Sportif<\/h1><span class=\"awb-title-spacer\"><\/span><div class=\"title-sep-container title-sep-container-right\"><div class=\"title-sep sep-double sep-solid\" style=\"border-color:#e0dede;\"><\/div><\/div><\/div><div class=\"fusion-text fusion-text-1\"><p style=\"text-align: justify;\">Le sport ou la pratique physique r\u00e9guli\u00e8re permet le d\u00e9veloppement d\u2019un corps en meilleure sant\u00e9.<\/p>\n<p style=\"text-align: justify;\">Pourtant le sport provoque des micro traumatismes, cr\u00e9ant des d\u00e9s\u00e9quilibres\u00a0 sur l\u2019ensemble du corps, qui associ\u00e9s \u00e0 la pratique sportive peuvent engendrer des douleurs articulaires ou musculaires, comme des tendinites, \u00e9longations\u2026. Ces douleurs peuvent entra\u00eener l\u2019arr\u00eat du sport de mani\u00e8re \u00e9pisodique dans un premier temps et voir m\u00eame d\u00e9finitivement par la suite.<\/p>\n<p style=\"text-align: justify;\">Le sport provoque aussi des macro traumatismes (entorses, fractures, d\u00e9chirures ligamentaires ou musculaires) notamment dans les sports de contact (rugby, handball,sports de combat\u2026) qui ont tendance \u00e0 fragiliser le corps, et qui, sans traitement appropri\u00e9, seront responsables de douleurs et de d\u00e9s\u00e9quilibres r\u00e9siduels \u00e0 plus long terme.<\/p>\n<p style=\"text-align: justify;\">L\u2019ost\u00e9opathe permet au corps de mieux r\u00e9pondre aux sollicitations prolong\u00e9es ou tr\u00e8s intenses en l\u2019\u00e9quilibrant et en rel\u00e2chant toutes ses tensions et blocages articulaires et musculo-tendineux.<\/p>\n<p style=\"text-align: justify;\">En p\u00e9riode de tr\u00eave sportive, l\u2019ost\u00e9opathe traite tous les d\u00e9s\u00e9quilibres qui se sont install\u00e9s lors des entrainements et des comp\u00e9titions, pour que le corps puisse r\u00e9cup\u00e9rer plus vite et mieux. En d\u00e9congestionnant les muscles et en aidant la circulation sanguine \u00e0 mieux se faire, l\u2019ost\u00e9opathe contribue \u00e0 \u00e9liminer des toxines \u00a0pr\u00e9sentes dans le corps du sportif, et permet ainsi une meilleure r\u00e9cup\u00e9ration. L\u2019ost\u00e9opathe du sport donne aussi des exercices et recommandations pour permettre au sportif de travailler sur ses points de faiblesse, am\u00e9liorer sa proprioception et va donc participer \u00e0 l\u2019am\u00e9lioration des performances et \u00e0 la pr\u00e9vention des blessures.<br \/>\nEn dehors de son r\u00f4le pr\u00e9ventif, l\u2019ost\u00e9opathe est l\u00e0 pour r\u00e9parer tous les probl\u00e8mes d\u2019articulations ou les probl\u00e8mes musculaires rencontr\u00e9s lors des entra\u00eenements ou des comp\u00e9titions.<\/p>\n<\/div><div class=\"fusion-clearfix\"><\/div><\/div><\/div><\/div><\/div>\n","protected":false},"excerpt":{"rendered":"","protected":false},"author":1,"featured_media":0,"parent":0,"menu_order":1,"comment_status":"open","ping_status":"open","template":"","meta":{"footnotes":""},"class_list":["post-100","page","type-page","status-publish","hentry"],"_links":{"self":[{"href":"https:\/\/pes-isere.fr\/bourgoin-jallieu\/wp-json\/wp\/v2\/pages\/100","targetHints":{"allow":["GET"]}}],"collection":[{"href":"https:\/\/pes-isere.fr\/bourgoin-jallieu\/wp-json\/wp\/v2\/pages"}],"about":[{"href":"https:\/\/pes-isere.fr\/bourgoin-jallieu\/wp-json\/wp\/v2\/types\/page"}],"author":[{"embeddable":true,"href":"https:\/\/pes-isere.fr\/bourgoin-jallieu\/wp-json\/wp\/v2\/users\/1"}],"replies":[{"embeddable":true,"href":"https:\/\/pes-isere.fr\/bourgoin-jallieu\/wp-json\/wp\/v2\/comments?post=100"}],"version-history":[{"count":3,"href":"https:\/\/pes-isere.fr\/bourgoin-jallieu\/wp-json\/wp\/v2\/pages\/100\/revisions"}],"predecessor-version":[{"id":1396,"href":"https:\/\/pes-isere.fr\/bourgoin-jallieu\/wp-json\/wp\/v2\/pages\/100\/revisions\/1396"}],"wp:attachment":[{"href":"https:\/\/pes-isere.fr\/bourgoin-jallieu\/wp-json\/wp\/v2\/media?parent=100"}],"curies":[{"name":"wp","href":"https:\/\/api.w.org\/{rel}","templated":true}]}}