{"id":116,"date":"2013-04-30T22:20:31","date_gmt":"2013-04-30T21:20:31","guid":{"rendered":"https:\/\/localhost:8888\/?page_id=116"},"modified":"2017-07-02T20:45:18","modified_gmt":"2017-07-02T18:45:18","slug":"osteopathe-femme-enceinte","status":"publish","type":"page","link":"https:\/\/pes-isere.fr\/bourgoin-jallieu\/osteopathe-femme-enceinte\/","title":{"rendered":"Femme enceinte"},"content":{"rendered":"<div class=\"fusion-fullwidth fullwidth-box fusion-builder-row-1 nonhundred-percent-fullwidth non-hundred-percent-height-scrolling\" style=\"--awb-border-radius-top-left:0px;--awb-border-radius-top-right:0px;--awb-border-radius-bottom-right:0px;--awb-border-radius-bottom-left:0px;--awb-flex-wrap:wrap;\" ><div class=\"fusion-builder-row fusion-row\"><div class=\"fusion-layout-column fusion_builder_column fusion-builder-column-0 fusion_builder_column_1_1 1_1 fusion-one-full fusion-column-first fusion-column-last\" style=\"--awb-bg-size:cover;\"><div class=\"fusion-column-wrapper fusion-flex-column-wrapper-legacy\"><div class=\"fusion-title title fusion-title-1 fusion-title-center fusion-title-text fusion-title-size-one\" style=\"--awb-margin-top-small:10px;--awb-margin-right-small:0px;--awb-margin-bottom-small:10px;--awb-margin-left-small:0px;\"><div class=\"title-sep-container title-sep-container-left\"><div class=\"title-sep sep-double sep-solid\" style=\"border-color:#e0dede;\"><\/div><\/div><span class=\"awb-title-spacer\"><\/span><h1 class=\"fusion-title-heading title-heading-center fusion-responsive-typography-calculated\" style=\"margin:0;--fontSize:34;line-height:1.41;\">Ost\u00e9opathe pour Femme Enceinte<\/h1><span class=\"awb-title-spacer\"><\/span><div class=\"title-sep-container title-sep-container-right\"><div class=\"title-sep sep-double sep-solid\" style=\"border-color:#e0dede;\"><\/div><\/div><\/div><div class=\"fusion-text fusion-text-1\"><p>Lors de sa grossesse, la femme enceinte va subir des modifications physiologiques (hormonales par exemple) et m\u00e9caniques (augmentation de la masse de l\u2019ut\u00e9rus par exemple).<\/p>\n<p style=\"text-align: justify;\">Ces transformations peuvent entra\u00eener des troubles fonctionnels ou augmenter l\u2019intensit\u00e9 de troubles d\u00e9j\u00e0 pr\u00e9sents avant la grossesse.<\/p>\n<p style=\"text-align: justify;\"><span style=\"text-decoration: underline;\">Quelques exemples de troubles fonctionnels pouvant appara\u00eetre pendant la grossesse :<\/span><\/p>\n<ul>\n<li style=\"text-align: justify;\"><strong>Troubles m\u00e9caniques :<\/strong> lombalgies (douleurs lombaires), douleur sciatique, douleur au niveau du sacrum ou du coccyx, &#8230;<\/li>\n<li style=\"text-align: justify;\"><strong>Troubles digestifs :<\/strong> naus\u00e9es, difficult\u00e9s \u00e0 la digestion, ballonnements, RGO (r\u00e9gurgitations de l&rsquo;adulte), constipations, douleurs abdominales, &#8230;<\/li>\n<li style=\"text-align: justify;\"><strong>Troubles circulatoires :<\/strong> jambes lourdes, h\u00e9morro\u00efdes, maux de t\u00eate, &#8230;<\/li>\n<li style=\"text-align: justify;\"><strong>Troubles gyn\u00e9cologiques :<\/strong> spasmes, douleurs lors des rapports sexuels (dyspareunies)\u2026<\/li>\n<\/ul>\n<p style=\"text-align: justify;\">Ces troubles fonctionnels ont pour origine les modifications du corps de la femme, pour accueillir le f\u0153tus. L\u2019ut\u00e9rus augmente de volume,\u00a0 cette modification peut entra\u00eener des troubles digestifs par exemple.<\/p>\n<p style=\"text-align: justify;\">L\u2019ost\u00e9opathe pourra agir sur ces diff\u00e9rents troubles gr\u00e2ce \u00e0 des mobilisations douces et adapt\u00e9es.<\/p>\n<p style=\"text-align: justify;\">Durant la grossesse, l\u2019augmentation de la taille de l\u2019ut\u00e9rus accentue la lordose physiologique (cambrure) et \u00ab\u00a0horizontalise\u00a0\u00bb le sacrum. Ceci augmente la pression sur les disques intervert\u00e9braux, augmente la tension des ligaments, et verrouille les articulations du bassin. Ce verrouillage peut-\u00eatre g\u00e9n\u00e9rateur de lombalgies, de sciatalgies ou m\u00eame emp\u00eacher la bonne mobilit\u00e9 du bassin lors de l\u2019accouchement puis g\u00eaner le passage du b\u00e9b\u00e9. Par cons\u00e9quent, l\u2019accouchement risque d\u2019\u00eatre plus compliqu\u00e9. En r\u00e9sum\u00e9, l\u2019ost\u00e9opathe va rechercher \u00e0 am\u00e9liorer la mobilit\u00e9 des structures qui une fois leur libert\u00e9 de mouvement retrouv\u00e9e sont moins susceptibles d\u2019entra\u00eener des douleurs.<\/p>\n<p style=\"text-align: justify;\">Il faut aussi souligner qu\u2019optimiser la mobilit\u00e9 du bassin facilitera un accouchement dans de bonnes conditions. On peut aussi ajouter qu\u2019un traitement ost\u00e9opathique avec des techniques d\u2019ost\u00e9opathie douce n\u2019est ni dangereux ni nocif pour le futur b\u00e9b\u00e9 car ce traitement est totalement adapt\u00e9 et sp\u00e9cifique \u00e0 la femme enceinte et au foetus.<\/p>\n<p style=\"text-align: justify;\"><b>Attention toutefois, l\u2019ost\u00e9opathe ne dispense en aucun cas des visites obst\u00e9tricales conventionnelles et de la pr\u00e9paration \u00e0 l\u2019accouchement pr\u00e9vue par les sages-femmes.<\/b><\/p>\n<p style=\"text-align: justify;\">Vous pouvez aussi consulter votre ost\u00e9opathe environ 1 mois apr\u00e8s l\u2019accouchement (le temps de laisser votre corps retrouver sa physiologie post-partum), pour faire un bilan apr\u00e8s cet \u00e9v\u00e9nement qui peut-\u00eatre \u00ab\u00a0traumatisant\u00a0\u00bb pour votre corps.<\/p>\n<\/div><div class=\"fusion-clearfix\"><\/div><\/div><\/div><\/div><\/div>\n","protected":false},"excerpt":{"rendered":"","protected":false},"author":1,"featured_media":0,"parent":0,"menu_order":3,"comment_status":"open","ping_status":"open","template":"","meta":{"footnotes":""},"class_list":["post-116","page","type-page","status-publish","hentry"],"_links":{"self":[{"href":"https:\/\/pes-isere.fr\/bourgoin-jallieu\/wp-json\/wp\/v2\/pages\/116","targetHints":{"allow":["GET"]}}],"collection":[{"href":"https:\/\/pes-isere.fr\/bourgoin-jallieu\/wp-json\/wp\/v2\/pages"}],"about":[{"href":"https:\/\/pes-isere.fr\/bourgoin-jallieu\/wp-json\/wp\/v2\/types\/page"}],"author":[{"embeddable":true,"href":"https:\/\/pes-isere.fr\/bourgoin-jallieu\/wp-json\/wp\/v2\/users\/1"}],"replies":[{"embeddable":true,"href":"https:\/\/pes-isere.fr\/bourgoin-jallieu\/wp-json\/wp\/v2\/comments?post=116"}],"version-history":[{"count":2,"href":"https:\/\/pes-isere.fr\/bourgoin-jallieu\/wp-json\/wp\/v2\/pages\/116\/revisions"}],"predecessor-version":[{"id":1394,"href":"https:\/\/pes-isere.fr\/bourgoin-jallieu\/wp-json\/wp\/v2\/pages\/116\/revisions\/1394"}],"wp:attachment":[{"href":"https:\/\/pes-isere.fr\/bourgoin-jallieu\/wp-json\/wp\/v2\/media?parent=116"}],"curies":[{"name":"wp","href":"https:\/\/api.w.org\/{rel}","templated":true}]}}