{"id":125,"date":"2013-04-30T22:51:55","date_gmt":"2013-04-30T21:51:55","guid":{"rendered":"https:\/\/localhost:8888\/?page_id=125"},"modified":"2017-07-02T22:38:10","modified_gmt":"2017-07-02T20:38:10","slug":"osteopathe-seniors","status":"publish","type":"page","link":"https:\/\/pes-isere.fr\/bourgoin-jallieu\/osteopathe-seniors\/","title":{"rendered":"Seniors"},"content":{"rendered":"<div class=\"fusion-fullwidth fullwidth-box fusion-builder-row-1 nonhundred-percent-fullwidth non-hundred-percent-height-scrolling\" style=\"--awb-border-radius-top-left:0px;--awb-border-radius-top-right:0px;--awb-border-radius-bottom-right:0px;--awb-border-radius-bottom-left:0px;--awb-flex-wrap:wrap;\" ><div class=\"fusion-builder-row fusion-row\"><div class=\"fusion-layout-column fusion_builder_column fusion-builder-column-0 fusion_builder_column_1_1 1_1 fusion-one-full fusion-column-first fusion-column-last\" style=\"--awb-bg-size:cover;\"><div class=\"fusion-column-wrapper fusion-flex-column-wrapper-legacy\"><div class=\"fusion-title title fusion-title-1 fusion-title-center fusion-title-text fusion-title-size-one\" style=\"--awb-margin-top-small:10px;--awb-margin-right-small:0px;--awb-margin-bottom-small:10px;--awb-margin-left-small:0px;\"><div class=\"title-sep-container title-sep-container-left\"><div class=\"title-sep sep-double sep-solid\" style=\"border-color:#e0dede;\"><\/div><\/div><span class=\"awb-title-spacer\"><\/span><h1 class=\"fusion-title-heading title-heading-center fusion-responsive-typography-calculated\" style=\"margin:0;--fontSize:34;line-height:1.41;\">Ost\u00e9opathe pour Senior<\/h1><span class=\"awb-title-spacer\"><\/span><div class=\"title-sep-container title-sep-container-right\"><div class=\"title-sep sep-double sep-solid\" style=\"border-color:#e0dede;\"><\/div><\/div><\/div><div class=\"fusion-text fusion-text-1\"><p style=\"text-align: justify;\">Tout au long de la vie, notre corps conna\u00eet inexorablement les effets du temps. Les ann\u00e9es passent, les articulations s&rsquo;enraidissent, parfois marqu\u00e9es par l&rsquo;arthrose. Certains gestes du quotidien autrefois insignifiants deviennent difficiles et douloureux. L\u2019Ost\u00e9opathie permet dans un certain nombre de cas de stabiliser, ralentir et d\u2019am\u00e9liorer la douleur et la g\u00eane fonctionnelle de la plupart des ph\u00e9nom\u00e8nes d\u00e9g\u00e9n\u00e9ratifs b\u00e9nins qui sont d\u00fbs \u00e0 l\u2019\u00e2ge et \u00e0 la s\u00e9dentarit\u00e9.<br \/>\nDouleurs musculaires et articulaires en g\u00e9n\u00e9ral (\u00e9paules, colonne vert\u00e9brale&#8230;), changements de position et d\u00e9placements p\u00e9nibles, probl\u00e8mes digestifs, probl\u00e8mes urinaires, pseudo-vertiges&#8230; sont autant de motifs que l&rsquo;ost\u00e9opathe peut prendre en charge et soulager chez les seniors.<\/p>\n<\/div><div class=\"fusion-clearfix\"><\/div><\/div><\/div><\/div><\/div>\n","protected":false},"excerpt":{"rendered":"","protected":false},"author":1,"featured_media":0,"parent":0,"menu_order":4,"comment_status":"open","ping_status":"open","template":"","meta":{"footnotes":""},"class_list":["post-125","page","type-page","status-publish","hentry"],"_links":{"self":[{"href":"https:\/\/pes-isere.fr\/bourgoin-jallieu\/wp-json\/wp\/v2\/pages\/125","targetHints":{"allow":["GET"]}}],"collection":[{"href":"https:\/\/pes-isere.fr\/bourgoin-jallieu\/wp-json\/wp\/v2\/pages"}],"about":[{"href":"https:\/\/pes-isere.fr\/bourgoin-jallieu\/wp-json\/wp\/v2\/types\/page"}],"author":[{"embeddable":true,"href":"https:\/\/pes-isere.fr\/bourgoin-jallieu\/wp-json\/wp\/v2\/users\/1"}],"replies":[{"embeddable":true,"href":"https:\/\/pes-isere.fr\/bourgoin-jallieu\/wp-json\/wp\/v2\/comments?post=125"}],"version-history":[{"count":3,"href":"https:\/\/pes-isere.fr\/bourgoin-jallieu\/wp-json\/wp\/v2\/pages\/125\/revisions"}],"predecessor-version":[{"id":1398,"href":"https:\/\/pes-isere.fr\/bourgoin-jallieu\/wp-json\/wp\/v2\/pages\/125\/revisions\/1398"}],"wp:attachment":[{"href":"https:\/\/pes-isere.fr\/bourgoin-jallieu\/wp-json\/wp\/v2\/media?parent=125"}],"curies":[{"name":"wp","href":"https:\/\/api.w.org\/{rel}","templated":true}]}}