{"id":1326,"date":"2013-08-27T21:49:26","date_gmt":"2013-08-27T20:49:26","guid":{"rendered":"https:\/\/pes-isere.fr\/?page_id=1326"},"modified":"2017-07-02T22:41:16","modified_gmt":"2017-07-02T20:41:16","slug":"osteopathie-traumatismes","status":"publish","type":"page","link":"https:\/\/pes-isere.fr\/bourgoin-jallieu\/osteopathie-traumatismes\/","title":{"rendered":"Traumatismes"},"content":{"rendered":"<div class=\"fusion-fullwidth fullwidth-box fusion-builder-row-1 nonhundred-percent-fullwidth non-hundred-percent-height-scrolling\" style=\"--awb-border-radius-top-left:0px;--awb-border-radius-top-right:0px;--awb-border-radius-bottom-right:0px;--awb-border-radius-bottom-left:0px;--awb-flex-wrap:wrap;\" ><div class=\"fusion-builder-row fusion-row\"><div class=\"fusion-layout-column fusion_builder_column fusion-builder-column-0 fusion_builder_column_1_1 1_1 fusion-one-full fusion-column-first fusion-column-last\" style=\"--awb-bg-size:cover;\"><div class=\"fusion-column-wrapper fusion-flex-column-wrapper-legacy\"><div class=\"fusion-title title fusion-title-1 fusion-title-center fusion-title-text fusion-title-size-one\" style=\"--awb-margin-top-small:10px;--awb-margin-right-small:0px;--awb-margin-bottom-small:10px;--awb-margin-left-small:0px;\"><div class=\"title-sep-container title-sep-container-left\"><div class=\"title-sep sep-double sep-solid\" style=\"border-color:#e0dede;\"><\/div><\/div><span class=\"awb-title-spacer\"><\/span><h1 class=\"fusion-title-heading title-heading-center fusion-responsive-typography-calculated\" style=\"margin:0;--fontSize:34;line-height:1.41;\">Ost\u00e9opathie et Traumatismes<\/h1><span class=\"awb-title-spacer\"><\/span><div class=\"title-sep-container title-sep-container-right\"><div class=\"title-sep sep-double sep-solid\" style=\"border-color:#e0dede;\"><\/div><\/div><\/div><div class=\"fusion-text fusion-text-1\"><p style=\"text-align: justify;\">Les s\u00e9quelles \u00e0 court ou \u00e0 long terme d\u2019un traumatisme peuvent-\u00eatre diverses : n\u00e9vralgies, sciatiques, lombalgies, maux de t\u00eate, courbatures, fatigue, insomnies&#8230;<\/p>\n<p style=\"text-align: justify;\">Prenons l\u2019exemple d\u2019un \u00ab\u00a0coup du lapin\u00a0\u00bb : M\u00eame si aucune l\u00e9sion n\u2019est visible aux examens radiologiques, m\u00eame si le \u00ab coup du lapin \u00bb a \u00e9t\u00e9 mod\u00e9r\u00e9, l\u2019onde de choc reste inscrite dans le corps et occasionne troubles et douleurs.<\/p>\n<p style=\"text-align: justify;\">Lors d\u2019un accident de voiture par exemple on rencontre souvent des traumatismes comme le \u00ab\u00a0coup du lapin\u00a0\u00bb. Il s\u2019agit dans ce cas d\u2019un traumatisme indirect du rachis cervical en flexion-extension, en g\u00e9n\u00e9ral lors d\u2019un accident dans un v\u00e9hicule brutalement arr\u00eat\u00e9. Il produit plut\u00f4t des entorses du rachis cervical, habituellement b\u00e9nignes, mais pas toujours. Il peut produire \u00e9galement des fractures, particuli\u00e8rement fractures du corps en compression. La locution anglophone pour le m\u00eame ph\u00e9nom\u00e8ne est \u00ab\u00a0<i>whiplash <\/i>\u00bb, traumatisme en \u00ab\u00a0coup de fouet\u00a0\u00bb.\u00a0Ce traumatisme peut se r\u00e9percuter \u00e0 tout le rachis via une membrane appel\u00e9e \u00ab\u00a0dure-m\u00e8re\u00a0\u00bb, une membrane m\u00e9ning\u00e9e qui tapisse la boite cr\u00e2nienne, se prolonge comme un tube dans la colonne vert\u00e9brale et s\u2019attache solidement sur le sacrum tout en bas.<br \/>\nC\u2019est \u00e0 cause de ce rapport anatomique particulier qu\u2019un choc sur le sacrum peut entrainer des probl\u00e8mes cr\u00e2niens \u00e0 distance. De m\u00eame un choc sur la t\u00eate peut provoquer des douleurs lombaires. Cr\u00e2ne et bassin sont donc li\u00e9s anatomiquement. Ce lien dure-m\u00e8re est sp\u00e9cifiquement travaill\u00e9 par l\u2019ost\u00e9opathe.<\/p>\n<p style=\"text-align: justify;\"><strong>Il est donc int\u00e9ressant de consulter :<\/strong><\/p>\n<ul>\n<li style=\"text-align: justify;\">Apr\u00e8s tout type d\u2019accident<\/li>\n<li style=\"text-align: justify;\">M\u00eame en l\u2019absence de signes radiologiques \u00ab objectifs \u00bb, la peur, l\u2019\u00e9motion, ont pu suffir \u00e0 bloquer la respiration, g\u00eaner le fonctionnement du diaphragme thoracique et entra\u00eener des compensations douloureuses.<\/li>\n<li style=\"text-align: justify;\">Dans tout les cas o\u00f9 il y a eu traumatisme cr\u00e2nien avec ou sans perte de connaissance (apr\u00e8s consultation chez le m\u00e9decin ou aux urgences)<\/li>\n<li style=\"text-align: justify;\">Dans les cas de douleurs vert\u00e9brales, cervicales, dorsales ou lombaires.<\/li>\n<li style=\"text-align: justify;\">En cas de troubles de la vue, de l\u2019audition, de l\u2019olfaction, insomnie, vertiges.<\/li>\n<\/ul>\n<p style=\"text-align: justify;\"><strong>Et dans tout les cas o\u00f9 la pression de la ceinture ou le volant a pu provoquer :<\/strong><\/p>\n<ul>\n<li style=\"text-align: justify;\">Des g\u00eanes et des douleurs respiratoires<\/li>\n<li style=\"text-align: justify;\">Des sensations d\u2019angoisse, d\u2019oppression<\/li>\n<li style=\"text-align: justify;\">Des douleurs au niveau du sternum<\/li>\n<li style=\"text-align: justify;\">Une fragilit\u00e9, une baisse de \u00ab tonus \u00bb ou un \u00e9tat d\u00e9pressif.<\/li>\n<\/ul>\n<p style=\"text-align: justify;\">L\u2019ost\u00e9opathe redonne de l\u2019\u00e9quilibre et de la mobilit\u00e9 aux structures qui n\u2019en ont plus, pour que le corps puisse surmonter le traumatisme.<\/p>\n<p style=\"text-align: justify;\">Attention apr\u00e8s un traumatisme vous devez toujours faire un bilan avec votre m\u00e9decin ou les services comp\u00e9tents suite \u00e0 un traumatisme.<br \/>\nL\u2019ost\u00e9opathe peut venir en compl\u00e9ment si les troubles organiques comme les entorses cervicales ou les fractures on \u00e9t\u00e9 \u00e9cart\u00e9es, ou apr\u00e8s gu\u00e9rison de ces derniers.<\/p>\n<p style=\"text-align: justify;\">\n<\/div><div class=\"fusion-clearfix\"><\/div><\/div><\/div><\/div><\/div>\n","protected":false},"excerpt":{"rendered":"","protected":false},"author":1,"featured_media":0,"parent":0,"menu_order":0,"comment_status":"open","ping_status":"open","template":"","meta":{"footnotes":""},"class_list":["post-1326","page","type-page","status-publish","hentry"],"_links":{"self":[{"href":"https:\/\/pes-isere.fr\/bourgoin-jallieu\/wp-json\/wp\/v2\/pages\/1326","targetHints":{"allow":["GET"]}}],"collection":[{"href":"https:\/\/pes-isere.fr\/bourgoin-jallieu\/wp-json\/wp\/v2\/pages"}],"about":[{"href":"https:\/\/pes-isere.fr\/bourgoin-jallieu\/wp-json\/wp\/v2\/types\/page"}],"author":[{"embeddable":true,"href":"https:\/\/pes-isere.fr\/bourgoin-jallieu\/wp-json\/wp\/v2\/users\/1"}],"replies":[{"embeddable":true,"href":"https:\/\/pes-isere.fr\/bourgoin-jallieu\/wp-json\/wp\/v2\/comments?post=1326"}],"version-history":[{"count":1,"href":"https:\/\/pes-isere.fr\/bourgoin-jallieu\/wp-json\/wp\/v2\/pages\/1326\/revisions"}],"predecessor-version":[{"id":1399,"href":"https:\/\/pes-isere.fr\/bourgoin-jallieu\/wp-json\/wp\/v2\/pages\/1326\/revisions\/1399"}],"wp:attachment":[{"href":"https:\/\/pes-isere.fr\/bourgoin-jallieu\/wp-json\/wp\/v2\/media?parent=1326"}],"curies":[{"name":"wp","href":"https:\/\/api.w.org\/{rel}","templated":true}]}}