{"id":1332,"date":"2013-08-27T21:53:08","date_gmt":"2013-08-27T20:53:08","guid":{"rendered":"https:\/\/pes-isere.fr\/?page_id=1332"},"modified":"2025-02-07T13:41:36","modified_gmt":"2025-02-07T12:41:36","slug":"consultation-osteopathie","status":"publish","type":"page","link":"https:\/\/pes-isere.fr\/bourgoin-jallieu\/consultation-osteopathie\/","title":{"rendered":"La consultation"},"content":{"rendered":"<div class=\"fusion-fullwidth fullwidth-box fusion-builder-row-1 nonhundred-percent-fullwidth non-hundred-percent-height-scrolling\" style=\"--awb-border-radius-top-left:0px;--awb-border-radius-top-right:0px;--awb-border-radius-bottom-right:0px;--awb-border-radius-bottom-left:0px;--awb-flex-wrap:wrap;\" ><div class=\"fusion-builder-row fusion-row\"><div class=\"fusion-layout-column fusion_builder_column fusion-builder-column-0 fusion_builder_column_1_1 1_1 fusion-one-full fusion-column-first fusion-column-last\" style=\"--awb-bg-size:cover;\"><div class=\"fusion-column-wrapper fusion-flex-column-wrapper-legacy\"><div class=\"fusion-title title fusion-title-1 fusion-title-center fusion-title-text fusion-title-size-one\" style=\"--awb-margin-top-small:10px;--awb-margin-right-small:0px;--awb-margin-bottom-small:10px;--awb-margin-left-small:0px;\"><div class=\"title-sep-container title-sep-container-left\"><div class=\"title-sep sep-double sep-solid\" style=\"border-color:#e0dede;\"><\/div><\/div><span class=\"awb-title-spacer\"><\/span><h1 class=\"fusion-title-heading title-heading-center fusion-responsive-typography-calculated\" style=\"margin:0;--fontSize:34;line-height:1.41;\"><p class=\"title-heading-center\" data-fontsize=\"34\" data-lineheight=\"47\">D\u00e9roulement d\u2019une consultation Ost\u00e9opathique<\/p><\/h1><span class=\"awb-title-spacer\"><\/span><div class=\"title-sep-container title-sep-container-right\"><div class=\"title-sep sep-double sep-solid\" style=\"border-color:#e0dede;\"><\/div><\/div><\/div><div class=\"fusion-text fusion-text-1\"><p>La consultation se d\u00e9roule en 3 temps:<\/p>\n<ul>\n<li><strong>L\u2019interrogatoire<\/strong> avec un bilan approfondi du motif de consultation, analyse des examens compl\u00e9mentaires si il y en a, de l\u2019\u00e9tat g\u00e9n\u00e9ral et des ant\u00e9c\u00e9dents.<\/li>\n<li><strong>Les tests,<\/strong> tests m\u00e9dicaux pour faire un diagnostique d\u2019exclusion et \u00eatre sur que le motif du jour rel\u00e8ve des comp\u00e9tences de l\u2019ost\u00e9opathe et ensuite tests ost\u00e9opathiques de mobilit\u00e9. Gr\u00e2ce \u00e0 des tests palpatoires sp\u00e9cifiques, l\u2019ost\u00e9opathe va ensuite chercher les zones du corps pr\u00e9sentant des restrictions de mouvements successibles d\u2019alt\u00e9rer l\u2019\u00e9tat de sant\u00e9.<\/li>\n<li><strong>Les corrections<\/strong>, les mains du praticien vont corriger et r\u00e9-harmoniser les structures perturb\u00e9es dans leur mobilit\u00e9.<br \/>\nL\u2019ost\u00e9opathe choisit la technique la mieux adapt\u00e9e et la plus confortable pour chaque patient, en fonction de son \u00e2ge et de sa morphologie.<\/li>\n<\/ul>\n<p>L\u2019ost\u00e9opathe va stimuler les syst\u00e8mes physiologiques du corps humain, en ayant la possibilit\u00e9 d\u2019agir sur tous les tissus corporels : vasculaires, respiratoires, nerveux, osseux, conjonctifs\u2026.<\/p>\n<p>Une consultation dure en moyenne 45 minutes, le nombre de consultation d\u00e9pend du cas \u00e0 traiter et de l\u2019anciennet\u00e9 des douleurs ou traumatismes. Parfois une seule s\u00e9ance suffit.<\/p>\n<p>La consultation n\u2019est pas rembours\u00e9e par la s\u00e9curit\u00e9 sociale, mais de plus en plus de mutuelles remboursent les consultations, nous vous invitons \u00e0 vous renseigner aupr\u00e8s de la votre.<\/p>\n<\/div><div class=\"fusion-title title fusion-title-2 fusion-title-center fusion-title-text fusion-title-size-one\" style=\"--awb-margin-top-small:10px;--awb-margin-right-small:0px;--awb-margin-bottom-small:10px;--awb-margin-left-small:0px;\"><div class=\"title-sep-container title-sep-container-left\"><div class=\"title-sep sep-double sep-solid\" style=\"border-color:#e0dede;\"><\/div><\/div><span class=\"awb-title-spacer\"><\/span><h1 class=\"fusion-title-heading title-heading-center fusion-responsive-typography-calculated\" style=\"margin:0;--fontSize:34;line-height:1.41;\">Honoraires \/ Remboursements<\/h1><span class=\"awb-title-spacer\"><\/span><div class=\"title-sep-container title-sep-container-right\"><div class=\"title-sep sep-double sep-solid\" style=\"border-color:#e0dede;\"><\/div><\/div><\/div><div class=\"fusion-text fusion-text-2\"><ul>\n<li>Consultation <strong>au cabinet<\/strong> : <strong>65 \u20ac<\/strong><\/li>\n<li>Consultation <strong>\u00e0 domicile<\/strong> : <strong>75 \u20ac<\/strong><\/li>\n<\/ul>\n<p>Liste de mutuelles remboursant l&rsquo;Ost\u00e9opathie : <\/p>\n<div class=\"fusion-button-wrapper\"><a class=\"fusion-button button-flat fusion-button-default-size button-default fusion-button-default button-1 fusion-button-default-span fusion-button-default-type\" target=\"_blank\" rel=\"noopener noreferrer\" href=\"https:\/\/www.osteopathe-syndicat.fr\/patient-visiteur-osteopathe\/mutuelles-osteopathie.html\"><span class=\"fusion-button-text awb-button__text awb-button__text--default\">Liste des Mutuelles<\/span><\/a><\/div>\n<\/div><div class=\"fusion-title title fusion-title-3 fusion-title-center fusion-title-text fusion-title-size-one\" style=\"--awb-margin-top-small:10px;--awb-margin-right-small:0px;--awb-margin-bottom-small:10px;--awb-margin-left-small:0px;\"><div class=\"title-sep-container title-sep-container-left\"><div class=\"title-sep sep-double sep-solid\" style=\"border-color:#e0dede;\"><\/div><\/div><span class=\"awb-title-spacer\"><\/span><h1 class=\"fusion-title-heading title-heading-center fusion-responsive-typography-calculated\" style=\"margin:0;--fontSize:34;line-height:1.41;\">Quand consulter ?<\/h1><span class=\"awb-title-spacer\"><\/span><div class=\"title-sep-container title-sep-container-right\"><div class=\"title-sep sep-double sep-solid\" style=\"border-color:#e0dede;\"><\/div><\/div><\/div><div class=\"fusion-text fusion-text-3\"><ul>\n<li style=\"text-align: justify;\"><strong>Doit-on passer par son m\u00e9decin pour voir son ost\u00e9opathe ?<\/strong><\/li>\n<\/ul>\n<p style=\"text-align: justify;\">L\u2019ost\u00e9opathe est un th\u00e9rapeute de premi\u00e8re intention, ce qui veut dire que vous pouvez le consulter sans consultation m\u00e9dicale pr\u00e9alable, \u00e0 la diff\u00e9rence d\u2019un kin\u00e9sith\u00e9rapeute.<\/p>\n<p style=\"text-align: justify;\">Un ost\u00e9opathe ayant suivit un cursus d\u2019au moins 5 ans est form\u00e9 aux diff\u00e9rentes mati\u00e8res m\u00e9dicales comme la s\u00e9miologie, la traumatologie, l\u2019ophtalmologie, la pathologie visc\u00e9rale, cardiaque ou encore pulmonaire, ce qui lui permet d\u2019acqu\u00e9rir des bases solides pour pouvoir faire un diagnostique diff\u00e9rentiel. Ceci lui permettra de savoir quand r\u00e9orienter les patients chez leur m\u00e9decin ou chez diff\u00e9rents sp\u00e9cialiste si le motif de consultation ne rel\u00e8ve pas de son champ de comp\u00e9tence. En effet, l\u2019ost\u00e9opathe connait ses limites et ne pr\u00e9tend pas tout soigner.<\/p>\n<ul style=\"text-align: justify;\">\n<li><strong>Que traite l\u2019ost\u00e9opathie ?<\/strong><\/li>\n<\/ul>\n<p style=\"text-align: justify;\">L\u2019ost\u00e9opathie traite les troubles fonctionnels en recherchant leurs origines. Elle agit sur les diff\u00e9rents syst\u00e8mes du corps: locomoteur, neurologique, cardio-vasculaire, digestif, ORL, g\u00e9nito-urinaire, ainsi que ses les s\u00e9quelles de traumatismes.<\/p>\n<ul>\n<li style=\"text-align: justify;\"><span style=\"text-decoration: underline;\">Le syst\u00e8me orthop\u00e9dique et locomoteur :<\/span> entorses, tendinites, lombalgies, dorsalgies, costalgies, cervicalgies, p\u00e9riarthrites de l\u2019\u00e9paule, douleurs articulaires, scolioses, pubalgies, douleurs coccygiennes, douleurs de la m\u00e2choire\u2026<\/li>\n<li style=\"text-align: justify;\"><span style=\"text-decoration: underline;\">Le syst\u00e8me neurologique :<\/span> n\u00e9vralgie cervico-brachiales, intercostales, faciales, n\u00e9vralgie d\u2019Arnold, cruralgie, sciatiques, zona\u2026<\/li>\n<li style=\"text-align: justify;\"><span style=\"text-decoration: underline;\">Le syst\u00e8me digestif :<\/span> ballonnements, hernie hiatale, flatulences, troubles h\u00e9pato-biliaires, colites, constipations, diarrh\u00e9e, pt\u00f4se d\u2019organes, digestion difficile, gastrites, acidit\u00e9 gastrique\u2026<\/li>\n<li style=\"text-align: justify;\"><span style=\"text-decoration: underline;\">Le syst\u00e8me g\u00e9nito-uriniare :<\/span> douleurs et dysfonctions gyn\u00e9cologique, cystite, trouble de la fonction sexuelle, \u00e9nur\u00e9sie, prostate, suivi ost\u00e9opathique de la grossesse\u2026<\/li>\n<li style=\"text-align: justify;\"><span style=\"text-decoration: underline;\">Le syst\u00e8me ORL et pulmonaire :<\/span> rhinite, sinusite, vertiges, bourdonnements, c\u00e9phal\u00e9es, migraines, les suites de bronchite, d\u2019asthme ou de bronchiolite\u2026<\/li>\n<li style=\"text-align: justify;\"><span style=\"text-decoration: underline;\">Le syst\u00e8me neuro-v\u00e9g\u00e9tatif :<\/span> \u00e9tat d\u00e9pressifs, d\u2019hypernervosit\u00e9, anxi\u00e9t\u00e9, stress, spasmophilie\u2026<\/li>\n<li style=\"text-align: justify;\"><span style=\"text-decoration: underline;\">Les s\u00e9quelles de traumatisme :<\/span> fractures, entorses, chute, accident de voiture\u2026.<\/li>\n<\/ul>\n<p style=\"text-align: justify;\"><strong>De plus, mieux vaut pr\u00e9venir que gu\u00e9rir :<\/strong><strong>\u00a0<\/strong><\/p>\n<p style=\"text-align: justify;\">Vous emmenez votre voiture en r\u00e9vision tous les ans ? De la m\u00eame mani\u00e8re, votre corps est votre v\u00e9hicule, prenez en soin.<\/p>\n<p style=\"text-align: justify;\">Un suivi r\u00e9gulier 1 \u00e0 2 fois par an permet d\u2019\u00e9viter l\u2019installation de certaines dysfonctions et de certains troubles fonctionnels dans le temps.<\/p>\n<p style=\"text-align: justify;\">Des traumatismes physiques ou \u00e9motionnels anciens, parfois pass\u00e9s inaper\u00e7us, sont susceptibles de provoquer des s\u00e9quelles douloureuses m\u00eame plusieurs ann\u00e9es apr\u00e8s. L\u2019ost\u00e9opathe fait prendre conscience \u00e0 chacun qu\u2019il est responsable de son capital sant\u00e9.<\/p>\n<p>&nbsp;<\/p>\n<\/div><div class=\"fusion-clearfix\"><\/div><\/div><\/div><\/div><\/div>\n","protected":false},"excerpt":{"rendered":"","protected":false},"author":1,"featured_media":0,"parent":0,"menu_order":0,"comment_status":"open","ping_status":"open","template":"","meta":{"footnotes":""},"class_list":["post-1332","page","type-page","status-publish","hentry"],"_links":{"self":[{"href":"https:\/\/pes-isere.fr\/bourgoin-jallieu\/wp-json\/wp\/v2\/pages\/1332","targetHints":{"allow":["GET"]}}],"collection":[{"href":"https:\/\/pes-isere.fr\/bourgoin-jallieu\/wp-json\/wp\/v2\/pages"}],"about":[{"href":"https:\/\/pes-isere.fr\/bourgoin-jallieu\/wp-json\/wp\/v2\/types\/page"}],"author":[{"embeddable":true,"href":"https:\/\/pes-isere.fr\/bourgoin-jallieu\/wp-json\/wp\/v2\/users\/1"}],"replies":[{"embeddable":true,"href":"https:\/\/pes-isere.fr\/bourgoin-jallieu\/wp-json\/wp\/v2\/comments?post=1332"}],"version-history":[{"count":5,"href":"https:\/\/pes-isere.fr\/bourgoin-jallieu\/wp-json\/wp\/v2\/pages\/1332\/revisions"}],"predecessor-version":[{"id":1431,"href":"https:\/\/pes-isere.fr\/bourgoin-jallieu\/wp-json\/wp\/v2\/pages\/1332\/revisions\/1431"}],"wp:attachment":[{"href":"https:\/\/pes-isere.fr\/bourgoin-jallieu\/wp-json\/wp\/v2\/media?parent=1332"}],"curies":[{"name":"wp","href":"https:\/\/api.w.org\/{rel}","templated":true}]}}