{"id":179,"date":"2013-05-01T00:49:38","date_gmt":"2013-04-30T23:49:38","guid":{"rendered":"https:\/\/localhost:8888\/?page_id=179"},"modified":"2019-03-03T12:17:09","modified_gmt":"2019-03-03T11:17:09","slug":"contact","status":"publish","type":"page","link":"https:\/\/pes-isere.fr\/bourgoin-jallieu\/contact\/","title":{"rendered":"Contact"},"content":{"rendered":"<p><div class=\"fusion-fullwidth fullwidth-box fusion-builder-row-1 hundred-percent-fullwidth non-hundred-percent-height-scrolling\" style=\"--awb-border-radius-top-left:0px;--awb-border-radius-top-right:0px;--awb-border-radius-bottom-right:0px;--awb-border-radius-bottom-left:0px;--awb-padding-top:0px;--awb-padding-right:0px;--awb-padding-bottom:0px;--awb-padding-left:0px;--awb-margin-top:0px;--awb-margin-bottom:0px;--awb-flex-wrap:wrap;\" ><div class=\"fusion-builder-row fusion-row\"><div class=\"fusion-layout-column fusion_builder_column fusion-builder-column-0 fusion_builder_column_1_1 1_1 fusion-one-full fusion-column-first fusion-column-last\" style=\"--awb-bg-size:cover;\"><div class=\"fusion-column-wrapper fusion-flex-column-wrapper-legacy\">\t\t\t\t\t<script type=\"text\/javascript\">\n\t\t\t\t\t\tvar map_fusion_map_69f2274868236;\n\t\t\t\t\t\tvar markers = [];\n\t\t\t\t\t\tvar counter = 0;\n\t\t\t\t\t\t\t\t\t\t\t\t\t\t\t\t\t\t\t\tvar fusionMapNonce = '3138abb573';\n\t\t\t\t\t\t\t\t\t\t\t\tfunction fusion_run_map_fusion_map_69f2274868236() {\n\t\t\t\t\t\t\tjQuery ('#fusion_map_69f2274868236' ).fusion_maps( {\n\t\t\t\t\t\t\t\taddresses: [{\"address\":\"30 Avenue Flemming, 38300 Bourgoin-Jallieu\",\"infobox_content\":\"<center>P\\u00f4le Equilibre&Sant\\u00e9 de Bourgoin-Jallieu<br \\\/>30 Avenue Flemming<br \\\/>38300 Bourgoin-Jallieu<\\\/center>\",\"marker\":\"https:\\\/\\\/pes-moselle.fr\\\/yutz\\\/wp-content\\\/uploads\\\/sites\\\/2\\\/2017\\\/01\\\/Marker-Map-PES_site.png\",\"coordinates\":false,\"cache\":true,\"latitude\":\"45.597433\",\"longitude\":\"5.2431779999999435\"}],\n\t\t\t\t\t\t\t\tanimations: true,\n\t\t\t\t\t\t\t\tinfobox_background_color: '#ffffff',\n\t\t\t\t\t\t\t\tinfobox_styling: 'custom',\n\t\t\t\t\t\t\t\tinfobox_text_color: '#000000',\n\t\t\t\t\t\t\t\tmap_style: 'custom',\n\t\t\t\t\t\t\t\tmap_type: 'roadmap',\n\t\t\t\t\t\t\t\tmarker_icon: 'https:\/\/pes-moselle.fr\/yutz\/wp-content\/uploads\/sites\/2\/2017\/01\/Marker-Map-PES_site.png',\n\t\t\t\t\t\t\t\toverlay_color: '',\n\t\t\t\t\t\t\t\toverlay_color_hsl: {\"hue\":0,\"sat\":0,\"lum\":100},\n\t\t\t\t\t\t\t\tshow_address: true,\n\t\t\t\t\t\t\t\tscale_control: true,\n\t\t\t\t\t\t\t\tscrollwheel: false,\n\t\t\t\t\t\t\t\tzoom: 15,\n\t\t\t\t\t\t\t\tzoom_control: true,\n\t\t\t\t\t\t\t} );\n\t\t\t\t\t\t}\n\n\t\t\t\t\t\tgoogle.maps.event.addDomListener(window, 'load', fusion_run_map_fusion_map_69f2274868236);\n\t\t\t\t\t<\/script>\n\t\t\t\t\t<div class=\"shortcode-map fusion-google-map fusion-maps-js-type\" style=\"--awb-height:400px;\" id=\"fusion_map_69f2274868236\"><\/div><div class=\"fusion-clearfix\"><\/div><\/div><\/div><\/div><\/div><div class=\"fusion-fullwidth fullwidth-box fusion-builder-row-2 nonhundred-percent-fullwidth non-hundred-percent-height-scrolling fusion-no-small-visibility fusion-no-medium-visibility\" style=\"--awb-border-radius-top-left:0px;--awb-border-radius-top-right:0px;--awb-border-radius-bottom-right:0px;--awb-border-radius-bottom-left:0px;--awb-padding-top:20px;--awb-padding-bottom:20px;--awb-flex-wrap:wrap;\" ><div class=\"fusion-builder-row fusion-row\"><div class=\"fusion-layout-column fusion_builder_column fusion-builder-column-1 fusion_builder_column_1_1 1_1 fusion-one-full fusion-column-first fusion-column-last\" style=\"--awb-bg-size:cover;\"><div class=\"fusion-column-wrapper fusion-flex-column-wrapper-legacy\"><div class=\"fusion-title title fusion-title-1 fusion-title-center fusion-title-text fusion-title-size-one\" style=\"--awb-margin-top-small:10px;--awb-margin-right-small:0px;--awb-margin-bottom-small:10px;--awb-margin-left-small:0px;\"><div class=\"title-sep-container title-sep-container-left\"><div class=\"title-sep sep-double sep-solid\" style=\"border-color:#e0dede;\"><\/div><\/div><span class=\"awb-title-spacer\"><\/span><h1 class=\"fusion-title-heading title-heading-center fusion-responsive-typography-calculated\" style=\"margin:0;--fontSize:34;line-height:1.41;\">Nous contacter<\/h1><span class=\"awb-title-spacer\"><\/span><div class=\"title-sep-container title-sep-container-right\"><div class=\"title-sep sep-double sep-solid\" style=\"border-color:#e0dede;\"><\/div><\/div><\/div><div class=\"fusion-text fusion-text-1\"><p style=\"text-align: justify;\">Vous souhaitez contacter un th\u00e9rapeute du P\u00f4le Equilibre&amp;Sant\u00e9 de Bourgoin-Jallieu pour poser des questions ou prendre rendez-vous? Pour cela, rien de plus simple : nous vous invitons \u00e0 remplir ce formulaire de contact et nous t\u00e2cherons\u00a0de vous r\u00e9pondre dans les plus brefs d\u00e9lais.<\/p>\n<p style=\"text-align: justify;\">Vous pouvez\u00a0\u00e9galement\u00a0prendre contact par t\u00e9l\u00e9phone :<\/p>\n<p style=\"text-align: justify;\"><i class=\"fb-icon-element-1 fb-icon-element fontawesome-icon fa fa-phone circle-no fusion-text-flow\" style=\"--awb-font-size:20px;--awb-margin-right:10px;\"><\/i><b> Ost\u00e9opathie :<\/b>\u00a004.37.03.33.91\u00a0ou\u00a006.75.75.65.79<\/p>\n<p style=\"text-align: justify;\">Veuillez noter que nous \u00e9vitons de d\u00e9crocher\u00a0lorsque nous sommes en consultation, mais vous pouvez laisser un message avec vos coordonn\u00e9es pour que nous puissions vous rappeler d\u00e8s que possible.<\/p>\n<p style=\"text-align: justify;\">\n<div class=\"wpcf7 no-js\" id=\"wpcf7-f1403-o1\" lang=\"fr-FR\" dir=\"ltr\" data-wpcf7-id=\"1403\">\n<div class=\"screen-reader-response\"><p role=\"status\" aria-live=\"polite\" aria-atomic=\"true\"><\/p> <ul><\/ul><\/div>\n<form action=\"\/bourgoin-jallieu\/wp-json\/wp\/v2\/pages\/179#wpcf7-f1403-o1\" method=\"post\" class=\"wpcf7-form init\" aria-label=\"Formulaire de contact\" novalidate=\"novalidate\" data-status=\"init\">\n<fieldset class=\"hidden-fields-container\"><input type=\"hidden\" name=\"_wpcf7\" value=\"1403\" \/><input type=\"hidden\" name=\"_wpcf7_version\" value=\"6.1.5\" \/><input type=\"hidden\" name=\"_wpcf7_locale\" value=\"fr_FR\" \/><input type=\"hidden\" name=\"_wpcf7_unit_tag\" value=\"wpcf7-f1403-o1\" \/><input type=\"hidden\" name=\"_wpcf7_container_post\" value=\"0\" \/><input type=\"hidden\" name=\"_wpcf7_posted_data_hash\" value=\"\" \/><input type=\"hidden\" name=\"_wpcf7_recaptcha_response\" value=\"\" \/>\n<\/fieldset>\n<table width=100% align=\"center\" >\n\t<tr width=100% >\n\t\t<td width=49% align=\"center\">\n\t\t\t<p>S\u00e9lectionner le(s) professionnel(s) \u00e0 qui envoyer un message\n\t\t\t<\/p>\n\t\t\t<p><span class=\"wpcf7-form-control-wrap\" data-name=\"service\"><select class=\"wpcf7-form-control wpcf7-select wpcf7-validates-as-required\" aria-required=\"true\" aria-invalid=\"false\" name=\"service\"><option value=\"Ost\u00e9opathie\">Ost\u00e9opathie<\/option><\/select><\/span>\n\t\t\t<\/p>\n\t\t<\/td>\n\t\t<td width=2% >\n\t\t<\/td>\n\t\t<td width=49% align=\"center\">\n\t\t\t<p>Votre nom (obligatoire)\n\t\t\t<\/p>\n\t\t\t<p><span class=\"wpcf7-form-control-wrap\" data-name=\"your-name\"><input size=\"40\" maxlength=\"400\" class=\"wpcf7-form-control wpcf7-text wpcf7-validates-as-required\" aria-required=\"true\" aria-invalid=\"false\" value=\"\" type=\"text\" name=\"your-name\" \/><\/span>\n\t\t\t<\/p>\n\t\t<\/td>\n\t<\/tr>\n\t<tr width=100% >\n\t\t<td width=49% align=\"center\">\n\t\t\t<p>Votre email (obligatoire)\n\t\t\t<\/p>\n\t\t\t<p><span class=\"wpcf7-form-control-wrap\" data-name=\"your-email\"><input size=\"40\" maxlength=\"400\" class=\"wpcf7-form-control wpcf7-email wpcf7-validates-as-required wpcf7-text wpcf7-validates-as-email\" aria-required=\"true\" aria-invalid=\"false\" value=\"\" type=\"email\" name=\"your-email\" \/><\/span>\n\t\t\t<\/p>\n\t\t<\/td>\n\t\t<td width=2% >\n\t\t<\/td>\n\t\t<td width=49% align=\"center\">\n\t\t\t<p>Sujet (obligatoire)\n\t\t\t<\/p>\n\t\t\t<p><span class=\"wpcf7-form-control-wrap\" data-name=\"your-subject\"><input size=\"40\" maxlength=\"400\" class=\"wpcf7-form-control wpcf7-text wpcf7-validates-as-required\" aria-required=\"true\" aria-invalid=\"false\" value=\"\" type=\"text\" name=\"your-subject\" \/><\/span>\n\t\t\t<\/p>\n\t\t<\/td>\n\t<\/tr>\n\t<tr width=100% >\n\t\t<td colspan=\"3\" align=\"center\">\n\t\t\t<p>Votre message\n\t\t\t<\/p>\n\t\t\t<p><span class=\"wpcf7-form-control-wrap\" data-name=\"your-message\"><textarea cols=\"40\" rows=\"10\" maxlength=\"2000\" class=\"wpcf7-form-control wpcf7-textarea\" aria-invalid=\"false\" name=\"your-message\"><\/textarea><\/span>\n\t\t\t<\/p>\n\t\t<\/td>\n\t<\/tr>\n\t<tr width=100% >\n\t\t<td width=49% align=\"center\">\n\t\t\n\t\t<\/td>\n\t\t<td width=2% >\n\t\t<\/td>\n\t\t<td width=49% align=\"center\">\n\t\t\t<p><input class=\"wpcf7-form-control wpcf7-submit has-spinner\" type=\"submit\" value=\"Envoyer\" \/>\n\t\t\t<\/p>\n\t\t<\/td>\n\t<\/tr>\n<\/table><p style=\"display: none !important;\" class=\"akismet-fields-container\" data-prefix=\"_wpcf7_ak_\"><label>&#916;<textarea name=\"_wpcf7_ak_hp_textarea\" cols=\"45\" rows=\"8\" maxlength=\"100\"><\/textarea><\/label><input type=\"hidden\" id=\"ak_js_1\" name=\"_wpcf7_ak_js\" value=\"84\"\/><script type=\"text\/javascript\">\n\/* <![CDATA[ *\/\ndocument.getElementById( \"ak_js_1\" ).setAttribute( \"value\", ( new Date() ).getTime() );\n\/* ]]> *\/\n<\/script>\n<\/p><div class=\"fusion-alert alert custom alert-custom fusion-alert-center wpcf7-response-output fusion-alert-capitalize awb-alert-native-link-color alert-dismissable awb-alert-close-boxed\" style=\"--awb-border-size:1px;--awb-border-top-left-radius:0px;--awb-border-top-right-radius:0px;--awb-border-bottom-left-radius:0px;--awb-border-bottom-right-radius:0px;\" role=\"alert\"><div class=\"fusion-alert-content-wrapper\"><span class=\"fusion-alert-content\"><\/span><\/div><button type=\"button\" class=\"close toggle-alert\" data-dismiss=\"alert\" aria-label=\"Close\">&times;<\/button><\/div>\n<\/form>\n<\/div>\n<\/p>\n<\/div><div class=\"fusion-clearfix\"><\/div><\/div><\/div><\/div><\/div><div class=\"fusion-fullwidth fullwidth-box fusion-builder-row-3 nonhundred-percent-fullwidth non-hundred-percent-height-scrolling fusion-no-large-visibility\" style=\"--awb-border-radius-top-left:0px;--awb-border-radius-top-right:0px;--awb-border-radius-bottom-right:0px;--awb-border-radius-bottom-left:0px;--awb-padding-top:20px;--awb-padding-bottom:20px;--awb-flex-wrap:wrap;\" ><div class=\"fusion-builder-row fusion-row\"><div class=\"fusion-layout-column fusion_builder_column fusion-builder-column-2 fusion_builder_column_1_1 1_1 fusion-one-full fusion-column-first fusion-column-last\" style=\"--awb-bg-size:cover;\"><div class=\"fusion-column-wrapper fusion-flex-column-wrapper-legacy\"><div class=\"fusion-title title fusion-title-2 fusion-title-center fusion-title-text fusion-title-size-one\" style=\"--awb-margin-top-small:10px;--awb-margin-right-small:0px;--awb-margin-bottom-small:10px;--awb-margin-left-small:0px;\"><div class=\"title-sep-container title-sep-container-left\"><div class=\"title-sep sep-double sep-solid\" style=\"border-color:#e0dede;\"><\/div><\/div><span class=\"awb-title-spacer\"><\/span><h1 class=\"fusion-title-heading title-heading-center fusion-responsive-typography-calculated\" style=\"margin:0;--fontSize:34;line-height:1.41;\">Nous contacter<\/h1><span class=\"awb-title-spacer\"><\/span><div class=\"title-sep-container title-sep-container-right\"><div class=\"title-sep sep-double sep-solid\" style=\"border-color:#e0dede;\"><\/div><\/div><\/div><div class=\"fusion-text fusion-text-2\"><p>Vous souhaitez contacter un th\u00e9rapeute du P\u00f4le Equilibre&amp;Sant\u00e9 de Bourgoin-Jallieu pour poser des questions ou prendre rendez-vous? Pour cela, rien de plus simple : nous vous invitons \u00e0 remplir ce formulaire de contact et nous t\u00e2cherons\u00a0de vous r\u00e9pondre dans les plus brefs d\u00e9lais.<\/p>\n<p>Vous pouvez\u00a0\u00e9galement\u00a0prendre contact par t\u00e9l\u00e9phone :<\/p>\n<p><i class=\"fb-icon-element-2 fb-icon-element fontawesome-icon fa fa-phone circle-no fusion-text-flow\" style=\"--awb-font-size:20px;--awb-margin-right:10px;\"><\/i><b> Ost\u00e9opathie :<\/b>\u00a004.37.03.33.91\u00a0ou\u00a006.75.75.65.79<\/p>\n<p>Veuillez noter que nous \u00e9vitons de d\u00e9crocher\u00a0lorsque nous sommes en consultation, mais vous pouvez laisser un message avec vos coordonn\u00e9es pour que nous puissions vous rappeler d\u00e8s que possible.<\/p>\n\n<div class=\"wpcf7 no-js\" id=\"wpcf7-f1402-o2\" lang=\"fr-FR\" dir=\"ltr\" data-wpcf7-id=\"1402\">\n<div class=\"screen-reader-response\"><p role=\"status\" aria-live=\"polite\" aria-atomic=\"true\"><\/p> <ul><\/ul><\/div>\n<form action=\"\/bourgoin-jallieu\/wp-json\/wp\/v2\/pages\/179#wpcf7-f1402-o2\" method=\"post\" class=\"wpcf7-form init\" aria-label=\"Formulaire de contact\" novalidate=\"novalidate\" data-status=\"init\">\n<fieldset class=\"hidden-fields-container\"><input type=\"hidden\" name=\"_wpcf7\" value=\"1402\" \/><input type=\"hidden\" name=\"_wpcf7_version\" value=\"6.1.5\" \/><input type=\"hidden\" name=\"_wpcf7_locale\" value=\"fr_FR\" \/><input type=\"hidden\" name=\"_wpcf7_unit_tag\" value=\"wpcf7-f1402-o2\" \/><input type=\"hidden\" name=\"_wpcf7_container_post\" value=\"0\" \/><input type=\"hidden\" name=\"_wpcf7_posted_data_hash\" value=\"\" \/><input type=\"hidden\" name=\"_wpcf7_recaptcha_response\" value=\"\" \/>\n<\/fieldset>\n<table width=100% align=\"center\" >\n\t<tr width=100% >\n\t\t<td colspan=\"3\" align=\"center\">\n\t\t\t<p>S\u00e9lectionner le(s) professionnel(s) \u00e0 qui envoyer un message\n\t\t\t<\/p>\n\t\t\t<p><span class=\"wpcf7-form-control-wrap\" data-name=\"service\"><select class=\"wpcf7-form-control wpcf7-select wpcf7-validates-as-required\" aria-required=\"true\" aria-invalid=\"false\" name=\"service\"><option value=\"Ost\u00e9opathie\">Ost\u00e9opathie<\/option><\/select><\/span>\n\t\t\t<\/p>\n\t\t<\/td>\n\t<\/tr>\n\t<tr width=100% >\n\t\t<td colspan=\"3\" align=\"center\">\n\t\t\t<p>Votre nom (obligatoire)\n\t\t\t<\/p>\n\t\t\t<p><span class=\"wpcf7-form-control-wrap\" data-name=\"your-name\"><input size=\"40\" maxlength=\"400\" class=\"wpcf7-form-control wpcf7-text wpcf7-validates-as-required\" aria-required=\"true\" aria-invalid=\"false\" value=\"\" type=\"text\" name=\"your-name\" \/><\/span>\n\t\t\t<\/p>\n\t\t<\/td>\n\t<\/tr>\n\t<tr width=100% >\n\t\t<td colspan=\"3\" align=\"center\">\n\t\t\t<p>Votre email (obligatoire)\n\t\t\t<\/p>\n\t\t\t<p><span class=\"wpcf7-form-control-wrap\" data-name=\"your-email\"><input size=\"40\" maxlength=\"400\" class=\"wpcf7-form-control wpcf7-email wpcf7-validates-as-required wpcf7-text wpcf7-validates-as-email\" aria-required=\"true\" aria-invalid=\"false\" value=\"\" type=\"email\" name=\"your-email\" \/><\/span>\n\t\t\t<\/p>\n\t\t<\/td>\n\t<\/tr>\n\t<tr width=100% >\n\t\t<td colspan=\"3\" align=\"center\">\n\t\t\t<p>Sujet (obligatoire)\n\t\t\t<\/p>\n\t\t\t<p><span class=\"wpcf7-form-control-wrap\" data-name=\"your-subject\"><input size=\"40\" maxlength=\"400\" class=\"wpcf7-form-control wpcf7-text wpcf7-validates-as-required\" aria-required=\"true\" aria-invalid=\"false\" value=\"\" type=\"text\" name=\"your-subject\" \/><\/span>\n\t\t\t<\/p>\n\t\t<\/td>\n\t<\/tr>\n\t<tr width=100% >\n\t\t<td colspan=\"3\" align=\"center\">\n\t\t\t<p>Votre message\n\t\t\t<\/p>\n\t\t\t<p><span class=\"wpcf7-form-control-wrap\" data-name=\"your-message\"><textarea cols=\"40\" rows=\"10\" maxlength=\"2000\" class=\"wpcf7-form-control wpcf7-textarea\" aria-invalid=\"false\" name=\"your-message\"><\/textarea><\/span>\n\t\t\t<\/p>\n\t\t<\/td>\n\t<\/tr>\n\t<tr width=100% >\n\t\t<td colspan=\"3\" align=\"center\">\n\t\t\n\t\t<\/td>\n\t<\/tr>\n\t<tr width=100% >\n\t\t<td colspan=\"3\" align=\"center\">\n\t\t\t<p><input class=\"wpcf7-form-control wpcf7-submit has-spinner\" type=\"submit\" value=\"Envoyer\" \/>\n\t\t\t<\/p>\n\t\t<\/td>\n\t<\/tr>\n<\/table><p style=\"display: none !important;\" class=\"akismet-fields-container\" data-prefix=\"_wpcf7_ak_\"><label>&#916;<textarea name=\"_wpcf7_ak_hp_textarea\" cols=\"45\" rows=\"8\" maxlength=\"100\"><\/textarea><\/label><input type=\"hidden\" id=\"ak_js_2\" name=\"_wpcf7_ak_js\" value=\"200\"\/><script type=\"text\/javascript\">\n\/* <![CDATA[ *\/\ndocument.getElementById( \"ak_js_2\" ).setAttribute( \"value\", ( new Date() ).getTime() );\n\/* ]]> *\/\n<\/script>\n<\/p><div class=\"fusion-alert alert custom alert-custom fusion-alert-center wpcf7-response-output fusion-alert-capitalize awb-alert-native-link-color alert-dismissable awb-alert-close-boxed\" style=\"--awb-border-size:1px;--awb-border-top-left-radius:0px;--awb-border-top-right-radius:0px;--awb-border-bottom-left-radius:0px;--awb-border-bottom-right-radius:0px;\" role=\"alert\"><div class=\"fusion-alert-content-wrapper\"><span class=\"fusion-alert-content\"><\/span><\/div><button type=\"button\" class=\"close toggle-alert\" data-dismiss=\"alert\" aria-label=\"Close\">&times;<\/button><\/div>\n<\/form>\n<\/div>\n\n<\/div><div class=\"fusion-clearfix\"><\/div><\/div><\/div><\/div><\/div><\/p>\n","protected":false},"excerpt":{"rendered":"","protected":false},"author":1,"featured_media":0,"parent":0,"menu_order":0,"comment_status":"open","ping_status":"open","template":"100-width.php","meta":{"footnotes":""},"class_list":["post-179","page","type-page","status-publish","hentry"],"_links":{"self":[{"href":"https:\/\/pes-isere.fr\/bourgoin-jallieu\/wp-json\/wp\/v2\/pages\/179","targetHints":{"allow":["GET"]}}],"collection":[{"href":"https:\/\/pes-isere.fr\/bourgoin-jallieu\/wp-json\/wp\/v2\/pages"}],"about":[{"href":"https:\/\/pes-isere.fr\/bourgoin-jallieu\/wp-json\/wp\/v2\/types\/page"}],"author":[{"embeddable":true,"href":"https:\/\/pes-isere.fr\/bourgoin-jallieu\/wp-json\/wp\/v2\/users\/1"}],"replies":[{"embeddable":true,"href":"https:\/\/pes-isere.fr\/bourgoin-jallieu\/wp-json\/wp\/v2\/comments?post=179"}],"version-history":[{"count":5,"href":"https:\/\/pes-isere.fr\/bourgoin-jallieu\/wp-json\/wp\/v2\/pages\/179\/revisions"}],"predecessor-version":[{"id":1420,"href":"https:\/\/pes-isere.fr\/bourgoin-jallieu\/wp-json\/wp\/v2\/pages\/179\/revisions\/1420"}],"wp:attachment":[{"href":"https:\/\/pes-isere.fr\/bourgoin-jallieu\/wp-json\/wp\/v2\/media?parent=179"}],"curies":[{"name":"wp","href":"https:\/\/api.w.org\/{rel}","templated":true}]}}