{"id":182,"date":"2013-05-01T00:52:04","date_gmt":"2013-04-30T23:52:04","guid":{"rendered":"https:\/\/localhost:8888\/?page_id=182"},"modified":"2019-03-03T12:15:27","modified_gmt":"2019-03-03T11:15:27","slug":"accueil-4","status":"publish","type":"page","link":"https:\/\/pes-isere.fr\/bourgoin-jallieu\/","title":{"rendered":"Accueil PES Bourgoin Jallieu"},"content":{"rendered":"<p><div class=\"fusion-fullwidth fullwidth-box fusion-builder-row-1 hundred-percent-fullwidth non-hundred-percent-height-scrolling\" style=\"--awb-border-radius-top-left:0px;--awb-border-radius-top-right:0px;--awb-border-radius-bottom-right:0px;--awb-border-radius-bottom-left:0px;--awb-margin-top:0px;--awb-margin-bottom:0px;--awb-flex-wrap:wrap;\" ><div class=\"fusion-builder-row fusion-row\"><div class=\"fusion-layout-column fusion_builder_column fusion-builder-column-0 fusion_builder_column_1_1 1_1 fusion-one-full fusion-column-first fusion-column-last fusion-column-no-min-height fusion-animated\" style=\"--awb-bg-size:cover;--awb-margin-top:20px;--awb-margin-bottom:20px;\" data-animationType=\"fadeInUp\" data-animationDuration=\"0.3\" data-animationOffset=\"top-into-view\"><div class=\"fusion-column-wrapper fusion-flex-column-wrapper-legacy\"><div class=\"fusion-column-content-centered\"><div class=\"fusion-column-content\"><div class=\"fusion-title title fusion-title-1 fusion-title-center fusion-title-text fusion-title-size-one\" style=\"--awb-margin-top-small:10px;--awb-margin-right-small:0px;--awb-margin-bottom-small:10px;--awb-margin-left-small:0px;\"><div class=\"title-sep-container title-sep-container-left\"><div class=\"title-sep sep-double sep-solid\" style=\"border-color:#e0dede;\"><\/div><\/div><span class=\"awb-title-spacer\"><\/span><h1 class=\"fusion-title-heading title-heading-center fusion-responsive-typography-calculated\" style=\"margin:0;--fontSize:34;line-height:1.41;\"><p>Bienvenue sur le site du P\u00f4le Equilibre&amp;Sant\u00e9 d&rsquo;Is\u00e8re<br \/>\n<span style=\"color: #82c9f0;\">Bourgoin-Jallieu<\/span><\/p><\/h1><span class=\"awb-title-spacer\"><\/span><div class=\"title-sep-container title-sep-container-right\"><div class=\"title-sep sep-double sep-solid\" style=\"border-color:#e0dede;\"><\/div><\/div><\/div><\/div><\/div><div class=\"fusion-clearfix\"><\/div><\/div><\/div><\/div><\/div><div class=\"fusion-fullwidth fullwidth-box fusion-builder-row-2 nonhundred-percent-fullwidth non-hundred-percent-height-scrolling\" style=\"--awb-border-radius-top-left:0px;--awb-border-radius-top-right:0px;--awb-border-radius-bottom-right:0px;--awb-border-radius-bottom-left:0px;--awb-padding-top:20px;--awb-padding-bottom:20px;--awb-flex-wrap:wrap;\" ><div class=\"fusion-builder-row fusion-row\"><div class=\"fusion-layout-column fusion_builder_column fusion-builder-column-1 fusion_builder_column_1_4 1_4 fusion-one-fourth fusion-column-first\" style=\"--awb-bg-size:cover;width:25%;width:calc(25% - ( ( 4% + 4% ) * 0.25 ) );margin-right: 4%;\"><div class=\"fusion-column-wrapper fusion-flex-column-wrapper-legacy\"><div class=\"fusion-clearfix\"><\/div><\/div><\/div><div class=\"fusion-layout-column fusion_builder_column fusion-builder-column-2 fusion_builder_column_1_2 1_2 fusion-one-half\" style=\"--awb-bg-size:cover;width:50%;width:calc(50% - ( ( 4% + 4% ) * 0.5 ) );margin-right: 4%;\"><div class=\"fusion-column-wrapper fusion-flex-column-wrapper-legacy\"><div class=\"fusion-flip-boxes flip-boxes row fusion-columns-1 flip-effect-classic\" id=\"osteo\"><div class=\"fusion-flip-box-wrapper fusion-column col-lg-12 col-md-12 col-sm-12\"><div class=\"fusion-flip-box flip-right\" tabindex=\"0\"><div class=\"flip-box-inner-wrapper\"><div class=\"flip-box-front\" style=\"--awb-border-radius:4px;--awb-title-front-color:#ffffff;\"><div class=\"flip-box-front-inner\"><h2 class=\"flip-box-heading without-text\">Ost\u00e9opathie<\/h2><\/div><\/div><div class=\"flip-box-back\" style=\"--awb-border-radius:4px;\"><div class=\"flip-box-back-inner\"><h3 class=\"flip-box-heading-back\">Vous souhaitez un RDV avec un Ost\u00e9opathe?<\/h3><div class=\"fusion-button-wrapper\"><a class=\"fusion-button button-flat fusion-button-default-size button-default fusion-button-default button-1 fusion-button-default-span fusion-button-default-type\" target=\"_self\" href=\"tel:0033437033391\"><i class=\" fa fa-phone awb-button__icon awb-button__icon--default button-icon-left\" aria-hidden=\"true\"><\/i><span class=\"fusion-button-text awb-button__text awb-button__text--default\">04.37.03.33.91<\/span><\/a><\/div><div class=\"fusion-button-wrapper\"><a class=\"fusion-button button-flat fusion-button-default-size button-default fusion-button-default button-2 fusion-button-default-span fusion-button-default-type\" target=\"_self\" href=\"mailto:yann.martin@pes-isere.fr\"><i class=\" fa fa-envelope-o awb-button__icon awb-button__icon--default button-icon-left\" aria-hidden=\"true\"><\/i><span class=\"fusion-button-text awb-button__text awb-button__text--default\">Nous contacter<\/span><\/a><\/div><\/div><\/div><\/div><\/div><\/div><\/div><div class=\"clearfix\"><\/div><div class=\"fusion-clearfix\"><\/div><\/div><\/div><div class=\"fusion-layout-column fusion_builder_column fusion-builder-column-3 fusion_builder_column_1_4 1_4 fusion-one-fourth fusion-column-last\" style=\"--awb-bg-size:cover;width:25%;width:calc(25% - ( ( 4% + 4% ) * 0.25 ) );\"><div class=\"fusion-column-wrapper fusion-flex-column-wrapper-legacy\"><div class=\"fusion-clearfix\"><\/div><\/div><\/div><\/div><\/div><div class=\"fusion-fullwidth fullwidth-box fusion-builder-row-3 nonhundred-percent-fullwidth non-hundred-percent-height-scrolling\" style=\"--awb-border-radius-top-left:0px;--awb-border-radius-top-right:0px;--awb-border-radius-bottom-right:0px;--awb-border-radius-bottom-left:0px;--awb-padding-top:20px;--awb-padding-bottom:20px;--awb-flex-wrap:wrap;\" ><div class=\"fusion-builder-row fusion-row\"><div class=\"fusion-layout-column fusion_builder_column fusion-builder-column-4 fusion_builder_column_1_3 1_3 fusion-one-third fusion-column-first\" style=\"--awb-bg-size:cover;width:33.333333333333%;width:calc(33.333333333333% - ( ( 4% ) * 0.33333333333333 ) );margin-right: 4%;\"><div class=\"fusion-column-wrapper fusion-flex-column-wrapper-legacy\"><div class=\"fusion-title title fusion-title-2 fusion-sep-none fusion-title-text fusion-title-size-three\" style=\"--awb-margin-top:0px;--awb-margin-top-small:10px;--awb-margin-right-small:0px;--awb-margin-bottom-small:10px;--awb-margin-left-small:0px;\"><h3 class=\"fusion-title-heading title-heading-left fusion-responsive-typography-calculated\" style=\"margin:0;--fontSize:22;--minFontSize:22;line-height:1.5;\">Nous situer<\/h3><\/div><div class=\"fusion-text fusion-text-1\"><p><strong>P\u00f4le Equilibre&amp;Sant\u00e9 de Bourgoin-Jallieu<br \/>\n<\/strong>30 Avenue Flemming<br \/>\n38300 Bourgoin-Jallieu<\/p>\n<\/div><div class=\"fusion-title title fusion-title-3 fusion-sep-none fusion-title-text fusion-title-size-three\" style=\"--awb-margin-top:0px;--awb-margin-top-small:10px;--awb-margin-right-small:0px;--awb-margin-bottom-small:10px;--awb-margin-left-small:0px;\"><h3 class=\"fusion-title-heading title-heading-left fusion-responsive-typography-calculated\" style=\"margin:0;--fontSize:22;--minFontSize:22;line-height:1.5;\">Horaires d&rsquo;ouverture<\/h3><\/div><div class=\"fusion-text fusion-text-2\"><p style=\"text-align: left;\"><i class=\"fb-icon-element-1 fb-icon-element fontawesome-icon fa fa-clock-o circle-no fusion-text-flow\" style=\"--awb-font-size:20px;--awb-margin-right:10px;\"><\/i>Lundi : 9h00 &#8211; 20h00<\/p>\n<p style=\"text-align: left;\"><i class=\"fb-icon-element-2 fb-icon-element fontawesome-icon fa fa-clock-o circle-no fusion-text-flow\" style=\"--awb-font-size:20px;--awb-margin-right:10px;\"><\/i>Mardi : 9h00 &#8211; 20h00<\/p>\n<p style=\"text-align: left;\"><i class=\"fb-icon-element-3 fb-icon-element fontawesome-icon fa fa-clock-o circle-no fusion-text-flow\" style=\"--awb-font-size:20px;--awb-margin-right:10px;\"><\/i>Mercredi : 9h00 &#8211; 20h00<\/p>\n<p style=\"text-align: left;\"><i class=\"fb-icon-element-4 fb-icon-element fontawesome-icon fa fa-clock-o circle-no fusion-text-flow\" style=\"--awb-font-size:20px;--awb-margin-right:10px;\"><\/i>Jeudi : 9h00 &#8211; 20h00<\/p>\n<p style=\"text-align: left;\"><i class=\"fb-icon-element-5 fb-icon-element fontawesome-icon fa fa-clock-o circle-no fusion-text-flow\" style=\"--awb-font-size:20px;--awb-margin-right:10px;\"><\/i>Vendredi : 9h00 &#8211; 20h00<\/p>\n<p style=\"text-align: left;\"><i class=\"fb-icon-element-6 fb-icon-element fontawesome-icon fa fa-clock-o circle-no fusion-text-flow\" style=\"--awb-font-size:20px;--awb-margin-right:10px;\"><\/i>Samedi : Ferm\u00e9<\/p>\n<p style=\"text-align: left;\"><i class=\"fb-icon-element-7 fb-icon-element fontawesome-icon fa fa-clock-o circle-no fusion-text-flow\" style=\"--awb-font-size:20px;--awb-margin-right:10px;\"><\/i>Dimanche : Ferm\u00e9<\/p>\n<\/div><div class=\"fusion-clearfix\"><\/div><\/div><\/div><div class=\"fusion-layout-column fusion_builder_column fusion-builder-column-5 fusion_builder_column_2_3 2_3 fusion-two-third fusion-column-last\" style=\"--awb-bg-size:cover;width:66.666666666667%;width:calc(66.666666666667% - ( ( 4% ) * 0.66666666666667 ) );\"><div class=\"fusion-column-wrapper fusion-flex-column-wrapper-legacy\">\t\t\t\t\t<script type=\"text\/javascript\">\n\t\t\t\t\t\tvar map_fusion_map_69f20b7c5b92b;\n\t\t\t\t\t\tvar markers = [];\n\t\t\t\t\t\tvar counter = 0;\n\t\t\t\t\t\t\t\t\t\t\t\t\t\t\t\t\t\t\t\tvar fusionMapNonce = '3138abb573';\n\t\t\t\t\t\t\t\t\t\t\t\tfunction fusion_run_map_fusion_map_69f20b7c5b92b() {\n\t\t\t\t\t\t\tjQuery ('#fusion_map_69f20b7c5b92b' ).fusion_maps( {\n\t\t\t\t\t\t\t\taddresses: [{\"address\":\"30 Avenue Fleming, 38300 Bourgoin-Jallieu\",\"infobox_content\":\"<center>P\\u00f4le Equilibre&Sant\\u00e9 de Bourgoin-Jallieu<br \\\/>30 Avenue Fleming<br \\\/>38300 Bourgoin-Jallieu <\\\/center>\",\"marker\":\"https:\\\/\\\/pes-moselle.fr\\\/yutz\\\/wp-content\\\/uploads\\\/sites\\\/2\\\/2017\\\/01\\\/Marker-Map-PES_site.png\",\"coordinates\":false,\"cache\":true,\"latitude\":\"45.597433\",\"longitude\":\"5.2431779999999435\"}],\n\t\t\t\t\t\t\t\tanimations: false,\n\t\t\t\t\t\t\t\tinfobox_background_color: '#ffffff',\n\t\t\t\t\t\t\t\tinfobox_styling: 'custom',\n\t\t\t\t\t\t\t\tinfobox_text_color: '#000000',\n\t\t\t\t\t\t\t\tmap_style: 'custom',\n\t\t\t\t\t\t\t\tmap_type: 'roadmap',\n\t\t\t\t\t\t\t\tmarker_icon: 'https:\/\/pes-moselle.fr\/yutz\/wp-content\/uploads\/sites\/2\/2017\/01\/Marker-Map-PES_site.png',\n\t\t\t\t\t\t\t\toverlay_color: '',\n\t\t\t\t\t\t\t\toverlay_color_hsl: {\"hue\":0,\"sat\":0,\"lum\":100},\n\t\t\t\t\t\t\t\tshow_address: true,\n\t\t\t\t\t\t\t\tscale_control: true,\n\t\t\t\t\t\t\t\tscrollwheel: true,\n\t\t\t\t\t\t\t\tzoom: 15,\n\t\t\t\t\t\t\t\tzoom_control: true,\n\t\t\t\t\t\t\t} );\n\t\t\t\t\t\t}\n\n\t\t\t\t\t\tgoogle.maps.event.addDomListener(window, 'load', fusion_run_map_fusion_map_69f20b7c5b92b);\n\t\t\t\t\t<\/script>\n\t\t\t\t\t<div class=\"shortcode-map fusion-google-map fusion-maps-js-type\" style=\"--awb-height:460px;\" id=\"fusion_map_69f20b7c5b92b\"><\/div><div class=\"fusion-clearfix\"><\/div><\/div><\/div><\/div><\/div><div class=\"fusion-fullwidth fullwidth-box fusion-builder-row-4 nonhundred-percent-fullwidth non-hundred-percent-height-scrolling\" style=\"--awb-border-radius-top-left:0px;--awb-border-radius-top-right:0px;--awb-border-radius-bottom-right:0px;--awb-border-radius-bottom-left:0px;--awb-padding-bottom:20px;--awb-flex-wrap:wrap;\" ><div class=\"fusion-builder-row fusion-row\"><div class=\"fusion-layout-column fusion_builder_column fusion-builder-column-6 fusion_builder_column_1_1 1_1 fusion-one-full fusion-column-first fusion-column-last\" style=\"--awb-bg-size:cover;\"><div class=\"fusion-column-wrapper fusion-flex-column-wrapper-legacy\"><div class=\"fusion-title title fusion-title-4 fusion-title-text fusion-title-size-two\" style=\"--awb-margin-top-small:10px;--awb-margin-right-small:0px;--awb-margin-bottom-small:10px;--awb-margin-left-small:0px;\"><h2 class=\"fusion-title-heading title-heading-left fusion-responsive-typography-calculated\" style=\"margin:0;--fontSize:28;line-height:1.5;\">Ils nous font confiance<\/h2><span class=\"awb-title-spacer\"><\/span><div class=\"title-sep-container\"><div class=\"title-sep sep-double sep-solid\" style=\"border-color:#e0dede;\"><\/div><\/div><\/div><div class=\"fusion-image-carousel fusion-image-carousel-fixed fusion-image-carousel-1\"><div class=\"awb-carousel awb-swiper awb-swiper-carousel awb-carousel--carousel awb-swiper-dots-position-bottom\" data-layout=\"carousel\" data-autoplay=\"yes\" data-autoplayspeed=\"2500\" data-autoplaypause=\"no\" data-loop=\"yes\" data-columns=\"5\" data-columnsmedium=\"1\" data-columnssmall=\"1\" data-itemmargin=\"13\" data-itemwidth=\"180\" data-touchscroll=\"no\" data-freemode=\"no\" data-imagesize=\"fixed\" data-scrollitems=\"0\" data-centeredslides=\"no\" data-rotationangle=\"50\" data-depth=\"100\" data-speed=\"500\" data-shadow=\"no\" data-pagination=\"bullets\"><div class=\"swiper-wrapper awb-image-carousel-wrapper fusion-flex-align-items-center\"><div class=\"swiper-slide\"><div class=\"fusion-carousel-item-wrapper\"><div class=\"fusion-image-wrapper hover-type-none\"><a href=\"https:\/\/www.wellnessac.fr\" target=\"_blank\" rel=\"noopener noreferrer\"><img decoding=\"async\" width=\"230\" height=\"168\" src=\"https:\/\/pes-isere.fr\/bourgoin-jallieu\/wp-content\/uploads\/sites\/3\/2013\/05\/wac-small.png\" class=\"attachment-blog-medium size-blog-medium\" alt=\"\" srcset=\"https:\/\/pes-isere.fr\/bourgoin-jallieu\/wp-content\/uploads\/sites\/3\/2013\/05\/wac-small-200x146.png 200w, https:\/\/pes-isere.fr\/bourgoin-jallieu\/wp-content\/uploads\/sites\/3\/2013\/05\/wac-small.png 230w\" sizes=\"(min-width: 2200px) 100vw, (min-width: 784px) 358px, (min-width: 712px) 537px, (min-width: 640px) 712px, \" \/><\/a><\/div><\/div><\/div><div class=\"swiper-slide\"><div class=\"fusion-carousel-item-wrapper\"><div class=\"fusion-image-wrapper hover-type-none\"><a href=\"https:\/\/www.crossfitbourgoin.com\" target=\"_blank\" rel=\"noopener noreferrer\"><img decoding=\"async\" width=\"320\" height=\"202\" src=\"https:\/\/pes-isere.fr\/bourgoin-jallieu\/wp-content\/uploads\/sites\/3\/2013\/05\/logo-CF-Bj-320x202.jpg\" class=\"attachment-blog-medium size-blog-medium\" alt=\"\" \/><\/a><\/div><\/div><\/div><div class=\"swiper-slide\"><div class=\"fusion-carousel-item-wrapper\"><div class=\"fusion-image-wrapper hover-type-none\"><a href=\"https:\/\/fitway-groupe.fr\/index.php\" target=\"_blank\" rel=\"noopener noreferrer\"><img decoding=\"async\" width=\"320\" height=\"202\" src=\"https:\/\/pes-isere.fr\/bourgoin-jallieu\/wp-content\/uploads\/sites\/3\/2013\/05\/Fitway-320x202.png\" class=\"attachment-blog-medium size-blog-medium\" alt=\"\" \/><\/a><\/div><\/div><\/div><\/div><div class=\"awb-swiper-button awb-swiper-button-prev\"><i class=\"awb-icon-angle-left\" aria-hidden=\"true\"><\/i><\/div><div class=\"awb-swiper-button awb-swiper-button-next\"><i class=\"awb-icon-angle-right\" aria-hidden=\"true\"><\/i><\/div><\/div><\/div><div class=\"fusion-clearfix\"><\/div><\/div><\/div><\/div><\/div><\/p>\n","protected":false},"excerpt":{"rendered":"","protected":false},"author":1,"featured_media":0,"parent":0,"menu_order":0,"comment_status":"open","ping_status":"open","template":"","meta":{"footnotes":""},"class_list":["post-182","page","type-page","status-publish","hentry"],"_links":{"self":[{"href":"https:\/\/pes-isere.fr\/bourgoin-jallieu\/wp-json\/wp\/v2\/pages\/182","targetHints":{"allow":["GET"]}}],"collection":[{"href":"https:\/\/pes-isere.fr\/bourgoin-jallieu\/wp-json\/wp\/v2\/pages"}],"about":[{"href":"https:\/\/pes-isere.fr\/bourgoin-jallieu\/wp-json\/wp\/v2\/types\/page"}],"author":[{"embeddable":true,"href":"https:\/\/pes-isere.fr\/bourgoin-jallieu\/wp-json\/wp\/v2\/users\/1"}],"replies":[{"embeddable":true,"href":"https:\/\/pes-isere.fr\/bourgoin-jallieu\/wp-json\/wp\/v2\/comments?post=182"}],"version-history":[{"count":8,"href":"https:\/\/pes-isere.fr\/bourgoin-jallieu\/wp-json\/wp\/v2\/pages\/182\/revisions"}],"predecessor-version":[{"id":1419,"href":"https:\/\/pes-isere.fr\/bourgoin-jallieu\/wp-json\/wp\/v2\/pages\/182\/revisions\/1419"}],"wp:attachment":[{"href":"https:\/\/pes-isere.fr\/bourgoin-jallieu\/wp-json\/wp\/v2\/media?parent=182"}],"curies":[{"name":"wp","href":"https:\/\/api.w.org\/{rel}","templated":true}]}}