{"id":66,"date":"2013-04-30T20:03:04","date_gmt":"2013-04-30T19:03:04","guid":{"rendered":"https:\/\/localhost:8888\/?page_id=66"},"modified":"2017-07-02T20:25:06","modified_gmt":"2017-07-02T18:25:06","slug":"osteopathie","status":"publish","type":"page","link":"https:\/\/pes-isere.fr\/bourgoin-jallieu\/osteopathie\/","title":{"rendered":"L&rsquo;Ost\u00e9opathie"},"content":{"rendered":"<div class=\"fusion-fullwidth fullwidth-box fusion-builder-row-1 nonhundred-percent-fullwidth non-hundred-percent-height-scrolling\" style=\"--awb-border-radius-top-left:0px;--awb-border-radius-top-right:0px;--awb-border-radius-bottom-right:0px;--awb-border-radius-bottom-left:0px;--awb-flex-wrap:wrap;\" ><div class=\"fusion-builder-row fusion-row\"><div class=\"fusion-layout-column fusion_builder_column fusion-builder-column-0 fusion_builder_column_1_1 1_1 fusion-one-full fusion-column-first fusion-column-last\" style=\"--awb-bg-size:cover;\"><div class=\"fusion-column-wrapper fusion-flex-column-wrapper-legacy\"><div class=\"fusion-title title fusion-title-1 fusion-title-center fusion-title-text fusion-title-size-one\" style=\"--awb-margin-top-small:10px;--awb-margin-right-small:0px;--awb-margin-bottom-small:10px;--awb-margin-left-small:0px;\"><div class=\"title-sep-container title-sep-container-left\"><div class=\"title-sep sep-double sep-solid\" style=\"border-color:#e0dede;\"><\/div><\/div><span class=\"awb-title-spacer\"><\/span><h1 class=\"fusion-title-heading title-heading-center fusion-responsive-typography-calculated\" style=\"margin:0;--fontSize:34;line-height:1.41;\">L&rsquo;Ost\u00e9opathie<\/h1><span class=\"awb-title-spacer\"><\/span><div class=\"title-sep-container title-sep-container-right\"><div class=\"title-sep sep-double sep-solid\" style=\"border-color:#e0dede;\"><\/div><\/div><\/div><div class=\"fusion-text fusion-text-1\"><p style=\"text-align: justify;\"><div class=\"fusion-title title fusion-title-2 fusion-title-text fusion-title-size-two\" style=\"--awb-margin-top-small:10px;--awb-margin-right-small:0px;--awb-margin-bottom-small:10px;--awb-margin-left-small:0px;\"><h2 class=\"fusion-title-heading title-heading-left fusion-responsive-typography-calculated\" style=\"margin:0;--fontSize:28;line-height:1.5;\">Qu&rsquo;est-ce que l&rsquo;ost\u00e9opathie ?<\/p>\n<p style=\"text-align: justify;\"><\/h2><span class=\"awb-title-spacer\"><\/span><div class=\"title-sep-container\"><div class=\"title-sep sep-double sep-solid\" style=\"border-color:#e0dede;\"><\/div><\/div><\/div><\/p>\n<p style=\"text-align: justify;\">L\u2019ost\u00e9opathie se d\u00e9finit comme une m\u00e9decine manuelle, s\u2019int\u00e9ressant aux troubles fonctionnels du corps humain.<br \/>\nL\u2019ost\u00e9opathe, horloger du corps, utilise ses mains de diff\u00e9rentes fa\u00e7ons pour \u00e9tablir un diagnostic ost\u00e9opathique et dispenser le traitement.<\/p>\n<p style=\"text-align: justify;\">Par diff\u00e9rents tests de mobilit\u00e9, tant au niveau articulaire (vert\u00e9bral ou p\u00e9riph\u00e9rique) qu\u2019au niveau visc\u00e9ral ou cr\u00e2nien, il \u00e9value l\u2019\u00e9tat des diff\u00e9rents syst\u00e8mes du corps humain. Il emploie, dans ce but, diff\u00e9rents types de palpations qui lui permettront d\u2019\u00e9valuer les restrictions de mobilit\u00e9 et micro-mobilit\u00e9 des structures test\u00e9es, qui entra\u00eeneront l\u2019apparition de troubles fonctionnels et pourra ainsi proposer ainsi un traitement adapt\u00e9 au patient.<\/p>\n<p style=\"text-align: justify;\">L\u2019examen ost\u00e9opathique d\u00e9passera aussi l\u2019examen sp\u00e9cifique des diff\u00e9rents syst\u00e8mes, en \u00e9valuant leurs inter-relations, tant m\u00e9caniques que neurophysiologiques, pour d\u00e9couvrir ultimement la cause dite primaire. En effet, ce probl\u00e8me primaire peut engendrer souvent une s\u00e9rie de troubles fonctionnels et de sympt\u00f4mes \u00e0 distance. Ceux-ci ne dispara\u00eetront que lorsque la cause aura \u00e9t\u00e9 trait\u00e9e efficacement. L\u2019intervention th\u00e9rapeutique sera sp\u00e9cifique au type et au site du probl\u00e8me concern\u00e9.<\/p>\n<p style=\"text-align: justify;\">L\u2019ost\u00e9opathie ne s\u2019int\u00e9resse donc pas simplement \u00e0 un sympt\u00f4me ou \u00e0 une maladie, mais consid\u00e8re le patient comme un tout devant \u00eatre appr\u00e9hend\u00e9 dans son ensemble.<\/p>\n<p style=\"text-align: justify;\"><div class=\"fusion-title title fusion-title-3 fusion-title-text fusion-title-size-two\" style=\"--awb-margin-top-small:10px;--awb-margin-right-small:0px;--awb-margin-bottom-small:10px;--awb-margin-left-small:0px;\"><h2 class=\"fusion-title-heading title-heading-left fusion-responsive-typography-calculated\" style=\"margin:0;--fontSize:28;line-height:1.5;\">L\u2019ost\u00e9opathie se base sur 5 grands principes :<\/p>\n<p style=\"text-align: justify;\"><\/h2><span class=\"awb-title-spacer\"><\/span><div class=\"title-sep-container\"><div class=\"title-sep sep-double sep-solid\" style=\"border-color:#e0dede;\"><\/div><\/div><\/div><\/p>\n<ol>\n<li style=\"text-align: justify;\"><span style=\"text-decoration: underline;\">Le corps humain est un tout<\/span>, une unit\u00e9 fonctionnelle, les diff\u00e9rentes parties du corps sont inter-d\u00e9pendantes les unes des autres.<\/li>\n<li style=\"text-align: justify;\"><span style=\"text-decoration: underline;\">Principe d\u2019hom\u00e9ostasie :<\/span>\u00a0Le corps poss\u00e8de ses propres capacit\u00e9s d\u2019auto-r\u00e9gulation et d\u2019auto-gu\u00e9rison.<\/li>\n<li style=\"text-align: justify;\"><span style=\"text-decoration: underline;\">La r\u00e8gle de l\u2019art\u00e8re est supr\u00eame :<\/span>\u00a0La bonne circulation des fluides est n\u00e9cessaire \u00e0 la conservation d\u2019une sant\u00e9 harmonieuse. L\u2019int\u00e9grit\u00e9 fonctionnelle des syst\u00e8mes de l\u2019organisme d\u00e9pend de l\u2019apport sanguin et nerveux.<\/li>\n<li style=\"text-align: justify;\"><span style=\"text-decoration: underline;\">Structure et fonction sont en inter-relation :<\/span>\u00a0Le mouvement est le lien entre la fonction et la structure d\u2019un organe.<\/li>\n<li style=\"text-align: justify;\"><span style=\"text-decoration: underline;\">C\u2019est le patient, et non ses sympt\u00f4mes, qui est au c\u0153ur de l\u2019attention de l\u2019ost\u00e9opathe :<\/span>\u00a0Pour cela, l\u2019art ost\u00e9opathique vise, via un diagnostic ost\u00e9opathique pr\u00e9cis et des techniques manuelles adapt\u00e9es, \u00e0 traiter les probl\u00e8mes fonctionnels, \u00e0 r\u00e9tablir et pr\u00e9server l\u2019\u00e9tat de sant\u00e9, ainsi qu\u2019\u00e0 pr\u00e9venir l\u2019apparition de la maladie.<\/li>\n<\/ol>\n<div class=\"fusion-title title fusion-title-4 fusion-title-text fusion-title-size-two\" style=\"--awb-margin-top-small:10px;--awb-margin-right-small:0px;--awb-margin-bottom-small:10px;--awb-margin-left-small:0px;\"><h2 class=\"fusion-title-heading title-heading-left fusion-responsive-typography-calculated\" style=\"margin:0;--fontSize:28;line-height:1.5;\"><\/p>\n<p>Les limites de l\u2019ost\u00e9opathie :<\/p>\n<p><\/h2><span class=\"awb-title-spacer\"><\/span><div class=\"title-sep-container\"><div class=\"title-sep sep-double sep-solid\" style=\"border-color:#e0dede;\"><\/div><\/div><\/div>\n<p style=\"text-align: justify;\">En posant son diagnostic Ost\u00e9opathique Sp\u00e9cifique, l\u2019Ost\u00e9opathe recherche aussi \u00ab\u00a0les diagnostics d\u2019exclusion\u00a0\u00bb, c\u2019est-\u00e0-dire les manifestations cliniques qui rel\u00e8vent d\u2019une autre discipline que la sienne (chirurgicale, m\u00e9dicale, kin\u00e9sith\u00e9rapique) ou qui ne sont pas justifiables d\u2019un traitement Ost\u00e9opathique utilis\u00e9 seul.<\/p>\n<p style=\"text-align: justify;\">L\u2019Ost\u00e9opathie ne pr\u00e9tend pas tout soigner. Elle ne propose pas de gu\u00e9rir les maladies d\u00e9g\u00e9n\u00e9ratives (cancer, sida, scl\u00e9rose en plaque, parkinson, etc, \u2026), les maladies g\u00e9n\u00e9tiques (mucoviscidose, myopathie, etc, \u2026) pas plus que les maladies infectieuses ou les fractures. Cependant, m\u00eame si l\u2019Ost\u00e9opathie ne peut avoir d\u2019action sur ces affections, l\u2019Ost\u00e9opathie peut avoir une action sur les cons\u00e9quences, en particulier la douleur, par lib\u00e9ration des tensions des structures environnantes, et sur l\u2019approche psychosomatique qui peut en r\u00e9sulter.<\/p>\n<div class=\"fusion-title title fusion-title-5 fusion-title-text fusion-title-size-one\" style=\"--awb-margin-top-small:10px;--awb-margin-right-small:0px;--awb-margin-bottom-small:10px;--awb-margin-left-small:0px;\"><h1 class=\"fusion-title-heading title-heading-left fusion-responsive-typography-calculated\" style=\"margin:0;--fontSize:34;line-height:1.41;\"><\/p>\n<p>En r\u00e9sum\u00e9, l\u2019ost\u00e9opathie est \u00e0 la fois un art, une philosophie et une science.<\/p>\n<p><\/h1><span class=\"awb-title-spacer\"><\/span><div class=\"title-sep-container\"><div class=\"title-sep sep-double sep-solid\" style=\"border-color:#e0dede;\"><\/div><\/div><\/div>\n<p style=\"text-align: justify;\">Un Art , car c\u2019est une th\u00e9rapeutique manuelle qui repose sur des comp\u00e9tences sp\u00e9cifiques approfondies du corps humain, et n\u00e9cessite un toucher pr\u00e9cis, minutieux, exact, et toujours dos\u00e9 suivant les patients et la pathologie \u00e0 traiter.<br \/>\nUne Philosophie , parce qu\u2019elle s\u2019int\u00e9resse \u00e0 l\u2019homme dans sa globalit\u00e9. Ce n\u2019est pas tant le sympt\u00f4me qui int\u00e9resse l\u2019ost\u00e9opathe que la cause qui la provoque.<br \/>\nUne Science qui englobe les connaissances anatomiques, physiologiques, biom\u00e9caniques, et biologiques relatives au r\u00e9tablissement et \u00e0 la pr\u00e9servation de la sant\u00e9.<\/p>\n<p style=\"text-align: justify;\"><div class=\"fusion-title title fusion-title-6 fusion-title-center fusion-title-text fusion-title-size-one\" style=\"--awb-margin-top-small:10px;--awb-margin-right-small:0px;--awb-margin-bottom-small:10px;--awb-margin-left-small:0px;\"><div class=\"title-sep-container title-sep-container-left\"><div class=\"title-sep sep-double sep-solid\" style=\"border-color:#e0dede;\"><\/div><\/div><span class=\"awb-title-spacer\"><\/span><h1 class=\"fusion-title-heading title-heading-center fusion-responsive-typography-calculated\" style=\"margin:0;--fontSize:34;line-height:1.41;\">Histoire\u00a0de l&rsquo;ost\u00e9opathie<\/p>\n<p style=\"text-align: justify;\"><\/h1><span class=\"awb-title-spacer\"><\/span><div class=\"title-sep-container title-sep-container-right\"><div class=\"title-sep sep-double sep-solid\" style=\"border-color:#e0dede;\"><\/div><\/div><\/div><\/p>\n<p style=\"text-align: justify;\"><em>Andrew Taylor STILL <\/em>est n\u00e9 le <strong>6 ao\u00fbt 1828<\/strong> en Virginie aux Etats-Unis d\u2019Am\u00e9rique.<\/p>\n<p style=\"text-align: justify;\">Alors qu\u2019il avait 10ans et qu\u2019il souffrait d\u2019un mal de t\u00eate, il prit les r\u00eanes qui servaient \u00e0 son p\u00e8re pour labourer, et fit une balan\u00e7oire reposant \u00e0 une vingtaine de centim\u00e8tre du sol. Il s\u2019allongea la corde reposant en travers de la base du cou. Il s\u2019endort dans cette position, et constate que son mal de t\u00eate passe en peu de temps. Cette d\u00e9couverte fortuite piqua son int\u00e9r\u00eat vers les traitements naturels. C\u2019est ainsi qu\u2019il utilisa cette technique pendant 2ans pour se soulager avant de comprendre, qu\u2019il suspendait l\u2019action des grands nerfs occipitaux.<br \/>\nSon p\u00e8re pasteur, m\u00e9decin et agriculteur lui donne une \u00e9ducation portant vers le perfectionnisme. La recherche d\u2019une nourriture saine, la nature, l\u2019influenceront durant toute sa vie pour l\u2019amener \u00e0 l\u2019ost\u00e9opathie.<\/p>\n<p style=\"text-align: justify;\">Sa formation de m\u00e9decin est empirique, bas\u00e9e sur le travail de terrain, ses lectures et ses observations. Il se rendra vite compte que la m\u00e9decine de l\u2019\u00e9poque est souvent inefficace.<\/p>\n<p style=\"text-align: justify;\">Il passera \u00e9galement un dipl\u00f4me d\u2019ing\u00e9nieur, ce qui l\u2019aidera \u00e0 la compr\u00e9hension de la m\u00e9canique humaine.<\/p>\n<ul>\n<li style=\"text-align: justify;\"><strong>1849 :<\/strong> Il \u00e9pousa Mary Vaughan avec qui il eu 5 enfants dont un nouveau-n\u00e9 mort en 1955.<\/li>\n<li style=\"text-align: justify;\"><strong>1859 :<\/strong> En pleine guerre de s\u00e9cession, Lorenzo un de ses 4 enfants d\u00e9c\u00e8de puis un mois plus tard sa femme le suit.<\/li>\n<li style=\"text-align: justify;\"><strong>1860 :<\/strong> il \u00e9pouse Mary Turner avec qui il aura 4 gar\u00e7on et une fille<\/li>\n<li style=\"text-align: justify;\"><strong>1861 :<\/strong> STILL est le m\u00e9decin et chirurgien de guerre, il est d\u00e9sesp\u00e9r\u00e9 par le nombre de d\u00e9c\u00e8s dans ses patients, il ne dispose que de tr\u00e8s peu de moyen.<\/li>\n<li style=\"text-align: justify;\"><strong>F\u00e9vrier 1864 :<\/strong> Trois de ses enfants meurent de m\u00e9ningite c\u00e9r\u00e9brospinale, seule Marusha, 15ans, survit.<\/li>\n<li style=\"text-align: justify;\"><strong>Dans les ann\u00e9es 1870 :<\/strong> Il fait fr\u00e9quemment la visite des tombes des indiens pour \u00e9tudier les nerfs et les veines sans rien couper. Plus tard il prendra les squelettes chez lui pour les diss\u00e9quer. Il r\u00e9alisera des milliers d\u2019exp\u00e9riences de tout ordre. Son travail inlassable explique ses remarquables connaissances en anatomie. Sa maison est couverte de planches d\u2019anatomie, et il lit tous les ouvrages disponibles sur l\u2019anatomie.<br \/>\nAu bout de 10ann\u00e9es de recherches et de nombreux succ\u00e8s m\u00e9dicaux sur la dysenterie, l\u2019asthme\u2026 le 22juin 1874 il d\u00e9cide de cr\u00e9er son courant m\u00e9dical : L\u2019OSTEOPATHIE (du grec \u00ab os \u00bb et de pathos \u00ab venant de \u00bb)<\/li>\n<li style=\"text-align: justify;\"><strong>1878 :<\/strong> Il s\u2019installe \u00e0 Kirksville dans le Missouri, o\u00f9 il pratique des manipulations \u00e0 domicile. Durant ces ann\u00e9es il \u00e9labore ses th\u00e9ories, en disant : \u00ab La coordination est la caract\u00e9ristique sp\u00e9cifique de la vitalit\u00e9, un arr\u00eat de cette coordination et c\u2019est la mort. Une coordination imparfaite et c\u2019est la maladie \u00bb. \u00ab Tous les processus de la vie terrestre doivent \u00eatre tenus en perp\u00e9tuel mouvement pour cultiver et maintenir un \u00e9tat de bonne sant\u00e9 \u00bb. Pendant les ann\u00e9es de 1878 \u00e0 1892 : sa popularit\u00e9 grandit, l\u2019approche m\u00e9canique de Still qui regarde le corps entier comme un syst\u00e8me de parties intimement reli\u00e9es et coordonn\u00e9es, et sa foi dans le pouvoir de gu\u00e9rison de la nature auront de plus en plus de signification pour les gens.<\/li>\n<li style=\"text-align: justify;\"><strong>Le 10 mai 1892 :<\/strong> il fonde l\u2019\u00ab American School of Osteopathy \u00bb \u00e0 Kirksville dans le Missouri. Le coll\u00e8ge aura une expansion tr\u00e8s rapide entre 1896 et 1899. Dans cette \u00e9cole Still acceptait les femmes, d\u2019ailleurs la premi\u00e8re promotion en comptait 5, ce qui n\u2019\u00e9tait pas le cas des autres \u00e9coles de m\u00e9decines o\u00f9 les filles n\u2019\u00e9taient pas admises. STILL cr\u00e9e son propre doctorat en m\u00e9decine ost\u00e9opathique (D.O.)<\/li>\n<li style=\"text-align: justify;\"><strong>Entre 1896 et 1899 :<\/strong> 30 coll\u00e8ges d\u2019ost\u00e9opathie furent cr\u00e9es aux USA, il devient indispensable d\u2019\u00e9tablir des standards d\u2019enseignement, c\u2019est \u00e0 ce moment que STILL perdit le contr\u00f4le sur ses \u00e9coles. La profession se scinda en deux :<\/li>\n<\/ul>\n<ol>\n<li style=\"text-align: justify;\">Les conservateurs oppos\u00e9s \u00e0 l\u2019utilisation des m\u00e9dicaments<\/li>\n<li style=\"text-align: justify;\">Les modernes d\u00e9sireux d\u2019int\u00e9grer les progr\u00e8s de la m\u00e9decine, et l\u2019arsenal m\u00e9dicamenteux dans leurs traitements.<br \/>\nPetit \u00e0 petit ce sont les seconds qui l\u2019emport\u00e8rent. Les ost\u00e9opathes int\u00e9gr\u00e8rent alors les standards de l\u2019enseignement m\u00e9dical et pratiqu\u00e8rent de moins en moins les th\u00e9rapies manuelles.<\/li>\n<\/ol>\n<ul>\n<li style=\"text-align: justify;\"><strong>1899 :<\/strong> STILL se retira de l\u2019enseignement, conscient de la n\u00e9cessit\u00e9 de transmettre son savoir, il passera le reste de sa vie \u00e0 \u00e9crire : Phylisophy of osteopathy (1899), phylosophy and mechanical principles of osteopathy (1902), osteopathy research and practice (1910).<\/li>\n<li style=\"text-align: justify;\"><strong>1914 :<\/strong> la sant\u00e9 de STILL se d\u00e9grade, il mourrut le 12 d\u00e9cembre 1917.<\/li>\n<\/ul>\n<p style=\"text-align: justify;\">Deux de ses fid\u00e8les \u00e9l\u00e8ves ont continu\u00e9 son travail de recherche :<\/p>\n<ul>\n<li><strong>William Garner Sutherland (1873-1954)<\/strong><\/li>\n<\/ul>\n<p style=\"text-align: justify;\">Originaire du Middle West Am\u00e9ricain. Il \u00e9tait au d\u00e9part journaliste, il commence sa formation d\u2019ost\u00e9opathie en 1898 et re\u00e7oit son dipl\u00f4me en <strong>1900.\u00a0<\/strong>Rapidement, le cr\u00e2ne le fascine, d\u00e8s lors ses recherches se portent essentiellement sur le cr\u00e2ne.\u00a01920 il d\u00e9clare que la cr\u00e2ne bouge, 1939 il publie la \u00ab La boule cr\u00e2nienne \u00bb.\u00a0Malgr\u00e9 ses trouvailles sur la sph\u00e8re cr\u00e2nienne, il garde les m\u00eames id\u00e9es principales que STILL, pour lui \u00e9galement \u00ab Permettre \u00e0 la fonction vitale interne de manifester sa puissance infaillible, plut\u00f4t que d\u2019appliquer une force aveugle venue de l\u2019ext\u00e9rieur \u00bb : c\u2019est l\u2019origine de l\u2019OSTEOPATHIE BIODYNAMIQUE.\u00a0Durant toutes les ann\u00e9es qui suivent, l\u2019ost\u00e9opathie a beaucoup chang\u00e9, l\u2019ost\u00e9opathie Biodynamique est le courant dont le principe est de se rapprocher le plus possible de l\u2019origine, de la pratique de STILL avec sa philosophie.<\/p>\n<ul>\n<li><strong>John Martin LITTLEJOHN (1865-1947)<\/strong><\/li>\n<\/ul>\n<p style=\"text-align: justify;\">Originaire d\u2019\u00e9cosse il re\u00e7oit une formation universitaire dans les domaines de la th\u00e9ologie, des lettres et de la m\u00e9decine. Il \u00e9migre aux USA en 1892 et y termine ses \u00e9tudes de m\u00e9decine. Il vient consulter A. T. Still \u00e0 Kirksville en 1892 pour des probl\u00e8mes de sant\u00e9 chroniques et il est tellement \u00e9merveill\u00e9 par le concept et la technique ost\u00e9opathiques, qu\u2019il d\u00e9cide de devenir ost\u00e9opathe.\u00a0Il suit la formation au coll\u00e8ge de Kirksville, tout en y donnant des cours de physiologie. Passionn\u00e9 de science, c\u2019est \u00e0 lui que nous devons les relations neurologiques entre les vert\u00e8bres et les organes.<\/p>\n<p>&nbsp;<\/p>\n<\/div><div class=\"fusion-clearfix\"><\/div><\/div><\/div><\/div><\/div>\n","protected":false},"excerpt":{"rendered":"","protected":false},"author":1,"featured_media":0,"parent":0,"menu_order":0,"comment_status":"open","ping_status":"open","template":"","meta":{"footnotes":""},"class_list":["post-66","page","type-page","status-publish","hentry"],"_links":{"self":[{"href":"https:\/\/pes-isere.fr\/bourgoin-jallieu\/wp-json\/wp\/v2\/pages\/66","targetHints":{"allow":["GET"]}}],"collection":[{"href":"https:\/\/pes-isere.fr\/bourgoin-jallieu\/wp-json\/wp\/v2\/pages"}],"about":[{"href":"https:\/\/pes-isere.fr\/bourgoin-jallieu\/wp-json\/wp\/v2\/types\/page"}],"author":[{"embeddable":true,"href":"https:\/\/pes-isere.fr\/bourgoin-jallieu\/wp-json\/wp\/v2\/users\/1"}],"replies":[{"embeddable":true,"href":"https:\/\/pes-isere.fr\/bourgoin-jallieu\/wp-json\/wp\/v2\/comments?post=66"}],"version-history":[{"count":3,"href":"https:\/\/pes-isere.fr\/bourgoin-jallieu\/wp-json\/wp\/v2\/pages\/66\/revisions"}],"predecessor-version":[{"id":1380,"href":"https:\/\/pes-isere.fr\/bourgoin-jallieu\/wp-json\/wp\/v2\/pages\/66\/revisions\/1380"}],"wp:attachment":[{"href":"https:\/\/pes-isere.fr\/bourgoin-jallieu\/wp-json\/wp\/v2\/media?parent=66"}],"curies":[{"name":"wp","href":"https:\/\/api.w.org\/{rel}","templated":true}]}}