{"id":91,"date":"2013-04-30T21:10:43","date_gmt":"2013-04-30T20:10:43","guid":{"rendered":"https:\/\/localhost:8888\/?page_id=91"},"modified":"2017-07-02T20:39:25","modified_gmt":"2017-07-02T18:39:25","slug":"osteopathe-nourrissons","status":"publish","type":"page","link":"https:\/\/pes-isere.fr\/bourgoin-jallieu\/osteopathe-nourrissons\/","title":{"rendered":"Nourrissons"},"content":{"rendered":"<div class=\"fusion-fullwidth fullwidth-box fusion-builder-row-1 nonhundred-percent-fullwidth non-hundred-percent-height-scrolling\" style=\"--awb-border-radius-top-left:0px;--awb-border-radius-top-right:0px;--awb-border-radius-bottom-right:0px;--awb-border-radius-bottom-left:0px;--awb-flex-wrap:wrap;\" ><div class=\"fusion-builder-row fusion-row\"><div class=\"fusion-layout-column fusion_builder_column fusion-builder-column-0 fusion_builder_column_1_1 1_1 fusion-one-full fusion-column-first fusion-column-last\" style=\"--awb-bg-size:cover;\"><div class=\"fusion-column-wrapper fusion-flex-column-wrapper-legacy\"><div class=\"fusion-title title fusion-title-1 fusion-title-center fusion-title-text fusion-title-size-one\" style=\"--awb-margin-top-small:10px;--awb-margin-right-small:0px;--awb-margin-bottom-small:10px;--awb-margin-left-small:0px;\"><div class=\"title-sep-container title-sep-container-left\"><div class=\"title-sep sep-double sep-solid\" style=\"border-color:#e0dede;\"><\/div><\/div><span class=\"awb-title-spacer\"><\/span><h1 class=\"fusion-title-heading title-heading-center fusion-responsive-typography-calculated\" style=\"margin:0;--fontSize:34;line-height:1.41;\"><p style=\"text-align: left;\">Ost\u00e9opathe pour Nourrisson<\/p><\/h1><span class=\"awb-title-spacer\"><\/span><div class=\"title-sep-container title-sep-container-right\"><div class=\"title-sep sep-double sep-solid\" style=\"border-color:#e0dede;\"><\/div><\/div><\/div><div class=\"fusion-text fusion-text-1\"><p style=\"text-align: justify;\">La naissance est le premier traumatisme de la vie.<\/p>\n<p style=\"text-align: justify;\">Lors de l\u2019accouchement, le cr\u00e2ne de l\u2019enfant est soumis \u00e0 de nombreuses contraintes. De plus,\u00a0 l\u2019utilisation d\u2019outils tel que les forceps ou la ventouse, augmentent les contraintes exerc\u00e9es sur le cr\u00e2ne du nouveau-n\u00e9. Les tensions intra-cr\u00e2niennes sont souvent invisibles (elles concernent 80% des nouveau-n\u00e9s), c\u2019est pour ces raisons qu\u2019il est n\u00e9cessaire, apr\u00e8s la naissance, de faire une visite de contr\u00f4le chez l\u2019ost\u00e9opathe.<\/p>\n<p style=\"text-align: justify;\">Lors de l\u2019accouchement, les diff\u00e9rents os du cr\u00e2ne se superposent pour diminuer la taille de la t\u00eate, permettant ainsi le passage dans le bassin de la maman. ce ph\u00e9nom\u00e8ne physiologique se r\u00e9tablie dans les jours suivant l\u2019accouchement. Ces os se d\u00e9ploient tout seuls et se juxtaposent pour prendre leur place.<\/p>\n<p style=\"text-align: justify;\">Mais parfois selon le d\u00e9roulement plus ou moins facile de l\u2019accouchement, certains os du cr\u00e2ne restent en position de \u00ab\u00a0chevauchement\u00a0\u00bb et vont ainsi cr\u00e9er des tensions qui peuvent g\u00eaner un bon d\u00e9veloppement de l\u2019enfant. Lors de la s\u00e9ance post-natale, l\u2019ost\u00e9opathe v\u00e9rifiera toujours la pr\u00e9sence ou non d\u2019un \u00ab\u00a0chevauchement\u00a0\u00bb.<\/p>\n<p style=\"text-align: justify;\">Les tensions que l\u2019enfant pr\u00e9sente \u00e0 la naissance ne sont pas uniquement dues \u00e0 l\u2019accouchement mais aussi \u00e0 des pressions subies pendant la grossesse, comme par exemple dans le cas des contractions. A chacune d\u2019elle, le b\u00e9b\u00e9 se sent comprim\u00e9 ; des tensions s\u2019installent et persistent apr\u00e8s la naissance.<br \/>\nUn enfant n\u00e9 par c\u00e9sarienne n\u2019ayant pas subit ces contraintes et n\u2019ayant, par cons\u00e9quence, pas eu le cr\u00e2ne model\u00e9 par les pressions ut\u00e9rines peut lui aussi effectuer une visite de contr\u00f4le car il aura pu subir n\u00e9anmoins certaines contraintes in-ut\u00e9ro (positionnement dans le ventre).<\/p>\n<p style=\"text-align: justify;\">L\u2019ost\u00e9opathie \u00e0 un champ d\u2019application vaste chez le nourrisson, <span style=\"text-decoration: underline;\">il peut-\u00eatre int\u00e9ressant de consulter :<\/span><\/p>\n<ul style=\"text-align: justify;\">\n<li>Si votre enfant pleure tout le temps<\/li>\n<li>Si il dig\u00e8re mal et a des r\u00e9gurgitations<\/li>\n<li>Si il est tomb\u00e9 de la table \u00e0 langer, m\u00eame si une radio du cr\u00e2ne ne montre aucune l\u00e9sion, les tensions sont l\u00e0,<\/li>\n<li>Si il tourne la t\u00eate toujours du m\u00eame cot\u00e9 et\/ou il dort la t\u00eate toujours du m\u00eame cot\u00e9 (peut cr\u00e9er des aplatissements du cr\u00e2ne)<\/li>\n<li>Si il a des otites, bronchiolites \u00e0 r\u00e9p\u00e9tition et une respiration ronflante<\/li>\n<li>Si il ne dort pas ou mal<\/li>\n<\/ul>\n<p style=\"text-align: justify;\">L\u2019ost\u00e9opathe ne remplace ni le m\u00e9decin traitant ni le p\u00e9diatre ou tout autre sp\u00e9cialiste dont l\u2019enfant aurait besoin. Ils doivent \u00e9tablir un diagnostic m\u00e9dical et l\u2019ost\u00e9opathe intervient en compl\u00e9mentarit\u00e9 d\u2019un traitement m\u00e9dical et\/ou param\u00e9dical.<\/p>\n<p style=\"text-align: justify;\"><strong>Selon la l\u00e9gislation en vigueur, pour les nourrissons de moins de 6 mois, il est n\u00e9cessaire de pr\u00e9senter \u00e0 votre ost\u00e9opathe un certificat m\u00e9dical attestant de l\u2019absence de contre-indication m\u00e9dicale \u00e0 l\u2019ost\u00e9opathie.<\/strong><\/p>\n<\/div><div class=\"fusion-clearfix\"><\/div><\/div><\/div><\/div><\/div>\n","protected":false},"excerpt":{"rendered":"","protected":false},"author":1,"featured_media":0,"parent":0,"menu_order":2,"comment_status":"open","ping_status":"open","template":"","meta":{"footnotes":""},"class_list":["post-91","page","type-page","status-publish","hentry"],"_links":{"self":[{"href":"https:\/\/pes-isere.fr\/bourgoin-jallieu\/wp-json\/wp\/v2\/pages\/91","targetHints":{"allow":["GET"]}}],"collection":[{"href":"https:\/\/pes-isere.fr\/bourgoin-jallieu\/wp-json\/wp\/v2\/pages"}],"about":[{"href":"https:\/\/pes-isere.fr\/bourgoin-jallieu\/wp-json\/wp\/v2\/types\/page"}],"author":[{"embeddable":true,"href":"https:\/\/pes-isere.fr\/bourgoin-jallieu\/wp-json\/wp\/v2\/users\/1"}],"replies":[{"embeddable":true,"href":"https:\/\/pes-isere.fr\/bourgoin-jallieu\/wp-json\/wp\/v2\/comments?post=91"}],"version-history":[{"count":2,"href":"https:\/\/pes-isere.fr\/bourgoin-jallieu\/wp-json\/wp\/v2\/pages\/91\/revisions"}],"predecessor-version":[{"id":1388,"href":"https:\/\/pes-isere.fr\/bourgoin-jallieu\/wp-json\/wp\/v2\/pages\/91\/revisions\/1388"}],"wp:attachment":[{"href":"https:\/\/pes-isere.fr\/bourgoin-jallieu\/wp-json\/wp\/v2\/media?parent=91"}],"curies":[{"name":"wp","href":"https:\/\/api.w.org\/{rel}","templated":true}]}}